{"id":783,"date":"2023-03-19T02:55:37","date_gmt":"2023-03-19T02:55:37","guid":{"rendered":"https:\/\/cozystay.loftocean.com\/island-resort\/?page_id=783"},"modified":"2026-01-16T15:11:43","modified_gmt":"2026-01-16T15:11:43","slug":"noticias","status":"publish","type":"page","link":"https:\/\/skylineecoliving.com\/es\/news\/","title":{"rendered":"Noticias"},"content":{"rendered":"<div data-elementor-type=\"wp-page\" data-elementor-id=\"783\" class=\"elementor elementor-783\" data-elementor-post-type=\"page\">\n\t\t\t\t\t\t<section class=\"elementor-section elementor-top-section elementor-element elementor-element-51b883a elementor-section-height-min-height cs-section-content-fullwidth cs-parallax-on-scroll cs_scroll_y_100 elementor-section-boxed elementor-section-height-default elementor-section-items-middle\" data-id=\"51b883a\" data-element_type=\"section\" data-e-type=\"section\" data-settings=\"{&quot;background_background&quot;:&quot;classic&quot;}\" data-cs-parallax-y=\"100\" style=\"background-image: none;\" data-cs-background-image=\"https:\/\/cozystay.loftocean.com\/island-resort\/wp-content\/uploads\/sites\/3\/2023\/05\/siravitplug-MhPJdWYWbWI-unsplash-2.jpg\" data-cs-background-image-alt-text=\"\">\n\t\t\t\t\t\t<div class=\"elementor-container elementor-column-gap-no\">\n\t\t\t\t\t<div class=\"elementor-column elementor-col-100 elementor-top-column elementor-element elementor-element-f8603f5 dark-color\" data-id=\"f8603f5\" data-element_type=\"column\" data-e-type=\"column\">\n\t\t\t<div class=\"elementor-widget-wrap elementor-element-populated\">\n\t\t\t\t\t\t<div class=\"elementor-element elementor-element-5638ee6 elementor-widget elementor-widget-cs_title\" data-id=\"5638ee6\" data-element_type=\"widget\" data-e-type=\"widget\" data-widget_type=\"cs_title.default\">\n\t\t\t\t<div class=\"elementor-widget-container\">\n\t\t\t\t\t\n        <div class=\"cs-title-wrap text-center\">\t            <div class=\"cs-subtitle-wrap\"><span class=\"cs-subtitle color-white\">\u00daltimas noticias y blog<\/span><\/div>\t            <h1 class=\"cs-title\">\n\t                Nuestras noticias\t            <\/h1>        <\/div>\t\t\t\t<\/div>\n\t\t\t\t<\/div>\n\t\t\t\t\t<\/div>\n\t\t<\/div>\n\t\t\t\t\t<\/div>\n\t\t<\/section>\n\t\t\t\t<section class=\"elementor-section elementor-top-section elementor-element elementor-element-4d98f40 elementor-section-boxed elementor-section-height-default elementor-section-height-default\" data-id=\"4d98f40\" data-element_type=\"section\" data-e-type=\"section\">\n\t\t\t\t\t\t<div class=\"elementor-container elementor-column-gap-no\">\n\t\t\t\t\t<div class=\"elementor-column elementor-col-100 elementor-top-column elementor-element elementor-element-a58b2d7\" data-id=\"a58b2d7\" data-element_type=\"column\" data-e-type=\"column\">\n\t\t\t<div class=\"elementor-widget-wrap elementor-element-populated\">\n\t\t\t\t\t\t<div class=\"elementor-element elementor-element-03caef0 elementor-widget elementor-widget-cs_blog\" data-id=\"03caef0\" data-element_type=\"widget\" data-e-type=\"widget\" data-widget_type=\"cs_blog.default\">\n\t\t\t\t<div class=\"elementor-widget-container\">\n\t\t\t\t\t\t\t\t\t<div class=\"posts layout-zigzag layout-list img-ratio-3-2 with-border\">\n\t\t\t\t\t\t\t\t\t<div class=\"posts-wrapper\">\n<article class=\"post-3549 post type-post status-publish format-standard has-post-thumbnail hentry category-uncategorized\">\n            <div class=\"featured-img\">\n        \t<a href=\"https:\/\/skylineecoliving.com\/es\/what-is-glamping-and-why-colombia-is-leading-the-way\/\"><img fetchpriority=\"high\" decoding=\"async\" width=\"780\" height=\"520\" src=\"https:\/\/skylineecoliving.com\/wp-content\/uploads\/2026\/01\/Skyline-main-header-image-780x520.jpg\" class=\"attachment-cozystay_780x9999 size-cozystay_780x9999 wp-post-image\" alt=\"\" srcset=\"https:\/\/skylineecoliving.com\/wp-content\/uploads\/2026\/01\/Skyline-main-header-image-780x520.jpg 780w, https:\/\/skylineecoliving.com\/wp-content\/uploads\/2026\/01\/Skyline-main-header-image-300x200.jpg 300w, https:\/\/skylineecoliving.com\/wp-content\/uploads\/2026\/01\/Skyline-main-header-image-1024x683.jpg 1024w, https:\/\/skylineecoliving.com\/wp-content\/uploads\/2026\/01\/Skyline-main-header-image-768x512.jpg 768w, https:\/\/skylineecoliving.com\/wp-content\/uploads\/2026\/01\/Skyline-main-header-image-1536x1025.jpg 1536w, https:\/\/skylineecoliving.com\/wp-content\/uploads\/2026\/01\/Skyline-main-header-image-1920x1281.jpg 1920w, https:\/\/skylineecoliving.com\/wp-content\/uploads\/2026\/01\/Skyline-main-header-image-1440x960.jpg 1440w, https:\/\/skylineecoliving.com\/wp-content\/uploads\/2026\/01\/Skyline-main-header-image-1200x800.jpg 1200w, https:\/\/skylineecoliving.com\/wp-content\/uploads\/2026\/01\/Skyline-main-header-image-600x400.jpg 600w, https:\/\/skylineecoliving.com\/wp-content\/uploads\/2026\/01\/Skyline-main-header-image-550x367.jpg 550w, https:\/\/skylineecoliving.com\/wp-content\/uploads\/2026\/01\/Skyline-main-header-image-370x247.jpg 370w, https:\/\/skylineecoliving.com\/wp-content\/uploads\/2026\/01\/Skyline-main-header-image-255x170.jpg 255w, https:\/\/skylineecoliving.com\/wp-content\/uploads\/2026\/01\/Skyline-main-header-image.jpg 2000w\" sizes=\"(max-width: 780px) 100vw, 780px\" \/><\/a>            <div class=\"overlay-label time-label featured-style\">\n                <div class=\"meta-item time\">\n                    <time class=\"published\" datetime=\"2025-10-02T13:32:00+00:00\">\n                        <span class=\"month\">Oct<\/span> <span class=\"day\">02<\/span>\n                    <\/time>\n                <\/div>\n            <\/div>        <\/div>\n\t<div class=\"post-content\">\n\t\t<header class=\"post-header\">            <div class=\"meta-wrap\">\t\t\t<div class=\"cat-links\"><a href=\"https:\/\/skylineecoliving.com\/es\/category\/uncategorized\/\" rel=\"tag\">Sin categor\u00eda<\/a><\/div>            <\/div>    <h2 class=\"post-title\">\n        <a href=\"https:\/\/skylineecoliving.com\/es\/what-is-glamping-and-why-colombia-is-leading-the-way\/\">\u00bfQu\u00e9 es el glamping? Y por qu\u00e9 Colombia est\u00e1 a la vanguardia<\/a>\n    <\/h2>\t\t<\/header>\t\t<div class=\"post-excerpt\"><p>Descubre qu\u00e9 es el glamping, por qu\u00e9 se ha vuelto tan popular en Colombia, y conoce Glamping Skyline Medell\u00edn, donde el lujo, la naturaleza y las experiencias \u00fanicas\u2026<\/p>\n<\/div>             <footer class=\"post-footer\">        <div class=\"more-btn\">\n            <a class=\"read-more-btn button cs-btn-underline\" href=\"https:\/\/skylineecoliving.com\/es\/what-is-glamping-and-why-colombia-is-leading-the-way\/\"><span>Leer m\u00e1s<\/span><\/a>\n        <\/div>            <\/footer>\t<\/div>\n<\/article>\n\n<article class=\"post-3546 post type-post status-publish format-standard has-post-thumbnail hentry category-uncategorized\">\n            <div class=\"featured-img\">\n        \t<a href=\"https:\/\/skylineecoliving.com\/es\/fiesta-del-mar-in-santa-marta\/\"><img decoding=\"async\" width=\"780\" height=\"439\" src=\"https:\/\/skylineecoliving.com\/wp-content\/uploads\/2026\/04\/Fiesta-del-Mar-in-Santa-Marta-780x439.jpg\" class=\"attachment-cozystay_780x9999 size-cozystay_780x9999 wp-post-image\" alt=\"\" srcset=\"https:\/\/skylineecoliving.com\/wp-content\/uploads\/2026\/04\/Fiesta-del-Mar-in-Santa-Marta-780x439.jpg 780w, https:\/\/skylineecoliving.com\/wp-content\/uploads\/2026\/04\/Fiesta-del-Mar-in-Santa-Marta-300x169.jpg 300w, https:\/\/skylineecoliving.com\/wp-content\/uploads\/2026\/04\/Fiesta-del-Mar-in-Santa-Marta-1024x576.jpg 1024w, https:\/\/skylineecoliving.com\/wp-content\/uploads\/2026\/04\/Fiesta-del-Mar-in-Santa-Marta-768x432.jpg 768w, https:\/\/skylineecoliving.com\/wp-content\/uploads\/2026\/04\/Fiesta-del-Mar-in-Santa-Marta-18x10.jpg 18w, https:\/\/skylineecoliving.com\/wp-content\/uploads\/2026\/04\/Fiesta-del-Mar-in-Santa-Marta-600x338.jpg 600w, https:\/\/skylineecoliving.com\/wp-content\/uploads\/2026\/04\/Fiesta-del-Mar-in-Santa-Marta-550x309.jpg 550w, https:\/\/skylineecoliving.com\/wp-content\/uploads\/2026\/04\/Fiesta-del-Mar-in-Santa-Marta-370x208.jpg 370w, https:\/\/skylineecoliving.com\/wp-content\/uploads\/2026\/04\/Fiesta-del-Mar-in-Santa-Marta-255x143.jpg 255w, https:\/\/skylineecoliving.com\/wp-content\/uploads\/2026\/04\/Fiesta-del-Mar-in-Santa-Marta.jpg 1200w\" sizes=\"(max-width: 780px) 100vw, 780px\" \/><\/a>            <div class=\"overlay-label time-label featured-style\">\n                <div class=\"meta-item time\">\n                    <time class=\"published\" datetime=\"2025-07-27T13:28:00+00:00\">\n                        <span class=\"month\">julio<\/span> <span class=\"day\">27<\/span>\n                    <\/time>\n                <\/div>\n            <\/div>        <\/div>\n\t<div class=\"post-content\">\n\t\t<header class=\"post-header\">            <div class=\"meta-wrap\">\t\t\t<div class=\"cat-links\"><a href=\"https:\/\/skylineecoliving.com\/es\/category\/uncategorized\/\" rel=\"tag\">Sin categor\u00eda<\/a><\/div>            <\/div>    <h2 class=\"post-title\">\n        <a href=\"https:\/\/skylineecoliving.com\/es\/fiesta-del-mar-in-santa-marta\/\">Fiesta del Mar en Santa Marta<\/a>\n    <\/h2>\t\t<\/header>\t\t<div class=\"post-excerpt\"><p>Fiesta del Mar en Santa MartaFechas: del 23 al 29 de julio de 2025 La Fiesta del Mar en Santa Marta es uno de los festivales m\u00e1s emocionantes y con mayor riqueza cultural\u2026<\/p>\n<\/div>             <footer class=\"post-footer\">        <div class=\"more-btn\">\n            <a class=\"read-more-btn button cs-btn-underline\" href=\"https:\/\/skylineecoliving.com\/es\/fiesta-del-mar-in-santa-marta\/\"><span>Leer m\u00e1s<\/span><\/a>\n        <\/div>            <\/footer>\t<\/div>\n<\/article>\n\n<article class=\"post-3543 post type-post status-publish format-standard has-post-thumbnail hentry category-uncategorized\">\n            <div class=\"featured-img\">\n        \t<a href=\"https:\/\/skylineecoliving.com\/es\/joropo-festival-villavicencio-cultural-festival-in-colombia\/\"><img decoding=\"async\" width=\"780\" height=\"439\" src=\"https:\/\/skylineecoliving.com\/wp-content\/uploads\/2026\/04\/Joropo-Festival-Villavicencio-780x439.jpg\" class=\"attachment-cozystay_780x9999 size-cozystay_780x9999 wp-post-image\" alt=\"\" srcset=\"https:\/\/skylineecoliving.com\/wp-content\/uploads\/2026\/04\/Joropo-Festival-Villavicencio-780x439.jpg 780w, https:\/\/skylineecoliving.com\/wp-content\/uploads\/2026\/04\/Joropo-Festival-Villavicencio-300x169.jpg 300w, https:\/\/skylineecoliving.com\/wp-content\/uploads\/2026\/04\/Joropo-Festival-Villavicencio-1024x576.jpg 1024w, https:\/\/skylineecoliving.com\/wp-content\/uploads\/2026\/04\/Joropo-Festival-Villavicencio-768x432.jpg 768w, https:\/\/skylineecoliving.com\/wp-content\/uploads\/2026\/04\/Joropo-Festival-Villavicencio-18x10.jpg 18w, https:\/\/skylineecoliving.com\/wp-content\/uploads\/2026\/04\/Joropo-Festival-Villavicencio-600x338.jpg 600w, https:\/\/skylineecoliving.com\/wp-content\/uploads\/2026\/04\/Joropo-Festival-Villavicencio-550x309.jpg 550w, https:\/\/skylineecoliving.com\/wp-content\/uploads\/2026\/04\/Joropo-Festival-Villavicencio-370x208.jpg 370w, https:\/\/skylineecoliving.com\/wp-content\/uploads\/2026\/04\/Joropo-Festival-Villavicencio-255x143.jpg 255w, https:\/\/skylineecoliving.com\/wp-content\/uploads\/2026\/04\/Joropo-Festival-Villavicencio.jpg 1200w\" sizes=\"(max-width: 780px) 100vw, 780px\" \/><\/a>            <div class=\"overlay-label time-label featured-style\">\n                <div class=\"meta-item time\">\n                    <time class=\"published\" datetime=\"2025-07-27T13:27:00+00:00\">\n                        <span class=\"month\">julio<\/span> <span class=\"day\">27<\/span>\n                    <\/time>\n                <\/div>\n            <\/div>        <\/div>\n\t<div class=\"post-content\">\n\t\t<header class=\"post-header\">            <div class=\"meta-wrap\">\t\t\t<div class=\"cat-links\"><a href=\"https:\/\/skylineecoliving.com\/es\/category\/uncategorized\/\" rel=\"tag\">Sin categor\u00eda<\/a><\/div>            <\/div>    <h2 class=\"post-title\">\n        <a href=\"https:\/\/skylineecoliving.com\/es\/joropo-festival-villavicencio-cultural-festival-in-colombia\/\">Festival del Joropo de Villavicencio | Festival cultural en Colombia<\/a>\n    <\/h2>\t\t<\/header>\t\t<div class=\"post-excerpt\"><p>Disfruta del Festival del Joropo en Villavicencio, Colombia: una colorida escapada cultural. Si est\u00e1s buscando festivales y actividades culturales en Colombia, no te pierdas el\u2026<\/p>\n<\/div>             <footer class=\"post-footer\">        <div class=\"more-btn\">\n            <a class=\"read-more-btn button cs-btn-underline\" href=\"https:\/\/skylineecoliving.com\/es\/joropo-festival-villavicencio-cultural-festival-in-colombia\/\"><span>Leer m\u00e1s<\/span><\/a>\n        <\/div>            <\/footer>\t<\/div>\n<\/article>\n\n<article class=\"post-3537 post type-post status-publish format-standard has-post-thumbnail hentry category-uncategorized\">\n            <div class=\"featured-img\">\n        \t<a href=\"https:\/\/skylineecoliving.com\/es\/experience-medellins-most-iconic-festival-the-feria-de-las-flores\/\"><img loading=\"lazy\" decoding=\"async\" width=\"780\" height=\"439\" src=\"https:\/\/skylineecoliving.com\/wp-content\/uploads\/2025\/07\/Feria-de-los-Flores-Medellin-Colombia-780x439.jpg\" class=\"attachment-cozystay_780x9999 size-cozystay_780x9999 wp-post-image\" alt=\"\" srcset=\"https:\/\/skylineecoliving.com\/wp-content\/uploads\/2025\/07\/Feria-de-los-Flores-Medellin-Colombia-780x439.jpg 780w, https:\/\/skylineecoliving.com\/wp-content\/uploads\/2025\/07\/Feria-de-los-Flores-Medellin-Colombia-300x169.jpg 300w, https:\/\/skylineecoliving.com\/wp-content\/uploads\/2025\/07\/Feria-de-los-Flores-Medellin-Colombia-1024x576.jpg 1024w, https:\/\/skylineecoliving.com\/wp-content\/uploads\/2025\/07\/Feria-de-los-Flores-Medellin-Colombia-768x432.jpg 768w, https:\/\/skylineecoliving.com\/wp-content\/uploads\/2025\/07\/Feria-de-los-Flores-Medellin-Colombia-18x10.jpg 18w, https:\/\/skylineecoliving.com\/wp-content\/uploads\/2025\/07\/Feria-de-los-Flores-Medellin-Colombia-1200x675.jpg 1200w, https:\/\/skylineecoliving.com\/wp-content\/uploads\/2025\/07\/Feria-de-los-Flores-Medellin-Colombia-600x338.jpg 600w, https:\/\/skylineecoliving.com\/wp-content\/uploads\/2025\/07\/Feria-de-los-Flores-Medellin-Colombia-550x309.jpg 550w, https:\/\/skylineecoliving.com\/wp-content\/uploads\/2025\/07\/Feria-de-los-Flores-Medellin-Colombia-370x208.jpg 370w, https:\/\/skylineecoliving.com\/wp-content\/uploads\/2025\/07\/Feria-de-los-Flores-Medellin-Colombia-255x143.jpg 255w, https:\/\/skylineecoliving.com\/wp-content\/uploads\/2025\/07\/Feria-de-los-Flores-Medellin-Colombia.jpg 1280w\" sizes=\"(max-width: 780px) 100vw, 780px\" \/><\/a>            <div class=\"overlay-label time-label featured-style\">\n                <div class=\"meta-item time\">\n                    <time class=\"published\" datetime=\"2025-07-27T13:20:00+00:00\">\n                        <span class=\"month\">julio<\/span> <span class=\"day\">27<\/span>\n                    <\/time>\n                <\/div>\n            <\/div>        <\/div>\n\t<div class=\"post-content\">\n\t\t<header class=\"post-header\">            <div class=\"meta-wrap\">\t\t\t<div class=\"cat-links\"><a href=\"https:\/\/skylineecoliving.com\/es\/category\/uncategorized\/\" rel=\"tag\">Sin categor\u00eda<\/a><\/div>            <\/div>    <h2 class=\"post-title\">\n        <a href=\"https:\/\/skylineecoliving.com\/es\/experience-medellins-most-iconic-festival-the-feria-de-las-flores\/\">Disfruta del festival m\u00e1s emblem\u00e1tico de Medell\u00edn: la Feria de las Flores<\/a>\n    <\/h2>\t\t<\/header>\t\t<div class=\"post-excerpt\"><p>Si est\u00e1s planeando un viaje a Colombia en 2025, la Feria de las Flores de Medell\u00edn es una cita ineludible. Este vibrante evento cultural\u2026<\/p>\n<\/div>             <footer class=\"post-footer\">        <div class=\"more-btn\">\n            <a class=\"read-more-btn button cs-btn-underline\" href=\"https:\/\/skylineecoliving.com\/es\/experience-medellins-most-iconic-festival-the-feria-de-las-flores\/\"><span>Leer m\u00e1s<\/span><\/a>\n        <\/div>            <\/footer>\t<\/div>\n<\/article>\n\n<article class=\"post-3529 post type-post status-publish format-standard has-post-thumbnail hentry category-uncategorized\">\n            <div class=\"featured-img\">\n        \t<a href=\"https:\/\/skylineecoliving.com\/es\/medellin-a-cultural-conscious-remote-work-destination\/\"><img loading=\"lazy\" decoding=\"async\" width=\"768\" height=\"479\" src=\"https:\/\/skylineecoliving.com\/wp-content\/uploads\/2025\/07\/Medellin-cultural-and-consious-remote-work-destination.jpg\" class=\"attachment-cozystay_780x9999 size-cozystay_780x9999 wp-post-image\" alt=\"\" srcset=\"https:\/\/skylineecoliving.com\/wp-content\/uploads\/2025\/07\/Medellin-cultural-and-consious-remote-work-destination.jpg 768w, https:\/\/skylineecoliving.com\/wp-content\/uploads\/2025\/07\/Medellin-cultural-and-consious-remote-work-destination-300x187.jpg 300w, https:\/\/skylineecoliving.com\/wp-content\/uploads\/2025\/07\/Medellin-cultural-and-consious-remote-work-destination-18x12.jpg 18w, https:\/\/skylineecoliving.com\/wp-content\/uploads\/2025\/07\/Medellin-cultural-and-consious-remote-work-destination-600x374.jpg 600w, https:\/\/skylineecoliving.com\/wp-content\/uploads\/2025\/07\/Medellin-cultural-and-consious-remote-work-destination-550x343.jpg 550w, https:\/\/skylineecoliving.com\/wp-content\/uploads\/2025\/07\/Medellin-cultural-and-consious-remote-work-destination-370x231.jpg 370w, https:\/\/skylineecoliving.com\/wp-content\/uploads\/2025\/07\/Medellin-cultural-and-consious-remote-work-destination-255x159.jpg 255w\" sizes=\"(max-width: 768px) 100vw, 768px\" \/><\/a>            <div class=\"overlay-label time-label featured-style\">\n                <div class=\"meta-item time\">\n                    <time class=\"published\" datetime=\"2025-07-23T13:12:00+00:00\">\n                        <span class=\"month\">julio<\/span> <span class=\"day\">23<\/span>\n                    <\/time>\n                <\/div>\n            <\/div>        <\/div>\n\t<div class=\"post-content\">\n\t\t<header class=\"post-header\">            <div class=\"meta-wrap\">\t\t\t<div class=\"cat-links\"><a href=\"https:\/\/skylineecoliving.com\/es\/category\/uncategorized\/\" rel=\"tag\">Sin categor\u00eda<\/a><\/div>            <\/div>    <h2 class=\"post-title\">\n        <a href=\"https:\/\/skylineecoliving.com\/es\/medellin-a-cultural-conscious-remote-work-destination\/\">Medell\u00edn: un destino cultural y sostenible para el teletrabajo<\/a>\n    <\/h2>\t\t<\/header>\t\t<div class=\"post-excerpt\"><p>Situada en el frondoso valle del Aburr\u00e1, a 1.500 metros sobre el nivel del mar, Medell\u00edn ofrece un clima primaveral durante todo el a\u00f1o, perfecto para encontrar el equilibrio entre la concentraci\u00f3n y\u2026<\/p>\n<\/div>             <footer class=\"post-footer\">        <div class=\"more-btn\">\n            <a class=\"read-more-btn button cs-btn-underline\" href=\"https:\/\/skylineecoliving.com\/es\/medellin-a-cultural-conscious-remote-work-destination\/\"><span>Leer m\u00e1s<\/span><\/a>\n        <\/div>            <\/footer>\t<\/div>\n<\/article>\n\t\t\t\t<\/div>\t\t\t\t<\/div>\t\t\t\t<\/div>\n\t\t\t\t<\/div>\n\t\t\t\t\t<\/div>\n\t\t<\/div>\n\t\t\t\t\t<\/div>\n\t\t<\/section>\n\t\t\t\t<\/div>","protected":false},"excerpt":{"rendered":"<p>Latest News &#038; Blog Our News Apr 26 News Sightseeing Pacific Scenery in Summer Lorem ipsum dolor sit amet, consectetuer adipiscing elit. Aenean commodo ligula eget dolor. Aenean massa. Cum sociis natoque penatibus et magnis dis parturient montes, nascetur &#8230; Read More Apr 16 Dining News Our New Chef and Spring Special Menu Lorem ipsum &#8230;<\/p>","protected":false},"author":1,"featured_media":0,"parent":0,"menu_order":0,"comment_status":"closed","ping_status":"closed","template":"template-wide-content.php","meta":{"cozystay_single_page_hide_site_header":"","cozystay_single_page_site_header_source":"","cozystay_single_page_custom_site_header":"0","cozystay_single_page_custom_sticky_site_header":"0","cozystay_single_page_hide_page_title":"on","cozystay_single_page_header_section_size":"","cozystay_single_page_header_background_color":"","cozystay_single_page_header_background_position_x":"center","cozystay_single_page_header_background_position_y":"center","cozystay_single_page_header_background_size":"cover","cozystay_single_page_header_background_repeat":"off","cozystay_single_page_header_background_scroll":"on","cozystay_single_page_header_text_color":"","cozystay_single_page_header_show_breadcrumb":"","cozystay_single_page_site_footer_hide_main":"","cozystay_single_custom_site_footer_main_source":"","cozystay_single_custom_site_footer_main":"0","cozystay_single_page_site_footer_hide_above":"","cozystay_single_custom_site_footer_above_source":"","cozystay_single_custom_site_footer_above":"0","cozystay_single_page_site_footer_hide_instagram":"","cozystay_single_page_site_footer_hide_bottom":"","cozystay_single_custom_mobile_menu_source":"","cozystay_single_custom_mobile_menu":"0","cozystay_single_custom_mobile_menu_animation":"","cozystay_single_custom_mobile_menu_width":"","cozystay_single_custom_mobile_menu_custom_width":375,"_joinchat":[],"footnotes":""},"class_list":["post-783","page","type-page","status-publish","hentry"],"_links":{"self":[{"href":"https:\/\/skylineecoliving.com\/es\/wp-json\/wp\/v2\/pages\/783","targetHints":{"allow":["GET"]}}],"collection":[{"href":"https:\/\/skylineecoliving.com\/es\/wp-json\/wp\/v2\/pages"}],"about":[{"href":"https:\/\/skylineecoliving.com\/es\/wp-json\/wp\/v2\/types\/page"}],"author":[{"embeddable":true,"href":"https:\/\/skylineecoliving.com\/es\/wp-json\/wp\/v2\/users\/1"}],"replies":[{"embeddable":true,"href":"https:\/\/skylineecoliving.com\/es\/wp-json\/wp\/v2\/comments?post=783"}],"version-history":[{"count":1,"href":"https:\/\/skylineecoliving.com\/es\/wp-json\/wp\/v2\/pages\/783\/revisions"}],"predecessor-version":[{"id":2324,"href":"https:\/\/skylineecoliving.com\/es\/wp-json\/wp\/v2\/pages\/783\/revisions\/2324"}],"wp:attachment":[{"href":"https:\/\/skylineecoliving.com\/es\/wp-json\/wp\/v2\/media?parent=783"}],"curies":[{"name":"wp","href":"https:\/\/api.w.org\/{rel}","templated":true}]}}