{"id":3326,"date":"2026-02-27T19:23:34","date_gmt":"2026-02-27T19:23:34","guid":{"rendered":"https:\/\/www.skylineecoliving.com\/?page_id=3326"},"modified":"2026-02-27T19:29:15","modified_gmt":"2026-02-27T19:29:15","slug":"nuestra-fundacion","status":"publish","type":"page","link":"https:\/\/skylineecoliving.com\/es\/about-us\/our-foundation\/","title":{"rendered":"Nuestra Fundaci\u00f3n"},"content":{"rendered":"<div data-elementor-type=\"wp-page\" data-elementor-id=\"3326\" class=\"elementor elementor-3326\" data-elementor-post-type=\"page\">\n\t\t\t\t\t\t<section class=\"elementor-section elementor-top-section elementor-element elementor-element-801451a elementor-section-height-min-height cs-section-content-fullwidth cs-parallax-on-scroll cs_scroll_y_80 elementor-section-boxed elementor-section-height-default elementor-section-items-middle\" data-id=\"801451a\" data-element_type=\"section\" data-e-type=\"section\" data-settings=\"{&quot;background_background&quot;:&quot;classic&quot;}\" data-cs-parallax-y=\"80\" style=\"background-image: none;\" data-cs-background-image=\"https:\/\/www.skylineecoliving.com\/wp-content\/uploads\/2026\/02\/foundation-youth-music-workshop-group.jpg\" data-cs-background-image-alt-text=\"\">\n\t\t\t\t\t\t\t<div class=\"elementor-background-overlay\"><\/div>\n\t\t\t\t\t\t\t<div class=\"elementor-container elementor-column-gap-no\">\n\t\t\t\t\t<div class=\"elementor-column elementor-col-100 elementor-top-column elementor-element elementor-element-7844eab dark-color\" data-id=\"7844eab\" data-element_type=\"column\" data-e-type=\"column\">\n\t\t\t<div class=\"elementor-widget-wrap elementor-element-populated\">\n\t\t\t\t\t\t<div class=\"elementor-element elementor-element-b753ce4 elementor-widget elementor-widget-cs_title\" data-id=\"b753ce4\" data-element_type=\"widget\" data-e-type=\"widget\" data-widget_type=\"cs_title.default\">\n\t\t\t\t<div class=\"elementor-widget-container\">\n\t\t\t\t\t\n        <div class=\"cs-title-wrap text-center\">\t            <div class=\"cs-subtitle-wrap\"><span class=\"cs-subtitle color-white\">DEVOLVER<\/span><\/div>\t            <h1 class=\"cs-title\">\n\t                Nuestra Fundaci\u00f3n\t            <\/h1>\t            <div class=\"cs-title-text\">\n\t                <p>En Skyline, creemos que la monta\u00f1a nos da m\u00e1s de lo que podr\u00edamos pedir. Nuestra misi\u00f3n es devolverle a la comunidad lo que nos da, creando oportunidades para los ni\u00f1os y j\u00f3venes de Santa Elena a trav\u00e9s de programas educativos directos en las escuelas primarias locales.<\/p>\t            <\/div>        <\/div>\t\t\t\t<\/div>\n\t\t\t\t<\/div>\n\t\t\t\t\t<\/div>\n\t\t<\/div>\n\t\t\t\t\t<\/div>\n\t\t<\/section>\n\t\t<div class=\"elementor-element elementor-element-1b80504 e-flex e-con-boxed e-con e-parent\" data-id=\"1b80504\" data-element_type=\"container\" data-e-type=\"container\">\n\t\t\t\t\t<div class=\"e-con-inner\">\n\t\t<div class=\"elementor-element elementor-element-e78fc86 e-con-full e-flex e-con e-child\" data-id=\"e78fc86\" data-element_type=\"container\" data-e-type=\"container\">\n\t\t\t\t<div class=\"elementor-element elementor-element-f9c7032 elementor-widget elementor-widget-heading\" data-id=\"f9c7032\" data-element_type=\"widget\" data-e-type=\"widget\" data-widget_type=\"heading.default\">\n\t\t\t\t\t<h2 class=\"elementor-heading-title elementor-size-default\">NUESTRA FUNDACI\u00d3N<\/h2>\t\t\t\t<\/div>\n\t\t\t\t<div class=\"elementor-element elementor-element-814cb59 elementor-widget elementor-widget-text-editor\" data-id=\"814cb59\" data-element_type=\"widget\" data-e-type=\"widget\" data-widget_type=\"text-editor.default\">\n\t\t\t\t\t\t\t\t\t<p>Cada estancia en Skyline Ecoliving contribuye a apoyar a la fundaci\u00f3n. Desde material escolar y recursos educativos hasta programas pr\u00e1cticos que inspiran a la pr\u00f3xima generaci\u00f3n, tu visita marca una diferencia real en la vida de la comunidad que nos rodea.<br \/>\u00bfQuieres saber m\u00e1s o colaborar directamente? Ponte en contacto con nosotros; siempre estamos buscando personas que compartan nuestra convicci\u00f3n de que todos los ni\u00f1os merecen una oportunidad.<\/p>\t\t\t\t\t\t\t\t<\/div>\n\t\t\t\t<\/div>\n\t\t<div class=\"elementor-element elementor-element-62c87e3 e-con-full e-flex e-con e-child\" data-id=\"62c87e3\" data-element_type=\"container\" data-e-type=\"container\">\n\t\t\t\t<div class=\"elementor-element elementor-element-c693109 elementor-widget elementor-widget-image\" data-id=\"c693109\" data-element_type=\"widget\" data-e-type=\"widget\" data-widget_type=\"image.default\">\n\t\t\t\t\t\t\t\t\t\t\t\t\t\t\t<img fetchpriority=\"high\" decoding=\"async\" width=\"500\" height=\"449\" src=\"https:\/\/skylineecoliving.com\/wp-content\/uploads\/2026\/02\/foundation-logo-colorful-skyline-ecoliving.jpg\" class=\"attachment-large size-large wp-image-3334\" alt=\"\" srcset=\"https:\/\/skylineecoliving.com\/wp-content\/uploads\/2026\/02\/foundation-logo-colorful-skyline-ecoliving.jpg 500w, https:\/\/skylineecoliving.com\/wp-content\/uploads\/2026\/02\/foundation-logo-colorful-skyline-ecoliving-300x269.jpg 300w, https:\/\/skylineecoliving.com\/wp-content\/uploads\/2026\/02\/foundation-logo-colorful-skyline-ecoliving-370x332.jpg 370w, https:\/\/skylineecoliving.com\/wp-content\/uploads\/2026\/02\/foundation-logo-colorful-skyline-ecoliving-255x229.jpg 255w\" sizes=\"(max-width: 500px) 100vw, 500px\" \/>\t\t\t\t\t\t\t\t\t\t\t\t\t\t\t<\/div>\n\t\t\t\t<\/div>\n\t\t\t\t\t<\/div>\n\t\t\t\t<\/div>\n\t\t<div class=\"elementor-element elementor-element-6ed6130 e-flex e-con-boxed e-con e-parent\" data-id=\"6ed6130\" data-element_type=\"container\" data-e-type=\"container\">\n\t\t\t\t\t<div class=\"e-con-inner\">\n\t\t\t\t<div class=\"elementor-element elementor-element-cf282b2 elementor-widget elementor-widget-cs_gallery\" data-id=\"cf282b2\" data-element_type=\"widget\" data-e-type=\"widget\" data-widget_type=\"cs_gallery.default\">\n\t\t\t\t<div class=\"elementor-widget-container\">\n\t\t\t\t\t\n            <div class=\"cs-gallery gap-5 gallery-grid grid-col-3\">\n                <div class=\"cs-gallery-wrap\">                    <div class=\"cs-gallery-item\">                            <a href=\"https:\/\/www.skylineecoliving.com\/wp-content\/uploads\/2026\/02\/foundation-community-children-dog.jpg\" data-elementor-open-lightbox=\"yes\" data-elementor-lightbox-slideshow=\"cf282b2\" data-elementor-lightbox-title=\"foundation-community-children-dog\" data-e-action-hash=\"#elementor-action%3Aaction%3Dlightbox%26settings%3DeyJpZCI6MzMyOCwidXJsIjoiaHR0cHM6XC9cL3NreWxpbmVlY29saXZpbmcuY29tXC93cC1jb250ZW50XC91cGxvYWRzXC8yMDI2XC8wMlwvZm91bmRhdGlvbi1jb21tdW5pdHktY2hpbGRyZW4tZG9nLmpwZyIsInNsaWRlc2hvdyI6ImNmMjgyYjIifQ%3D%3D\" aria-label=\"Image\"><img decoding=\"async\" width=\"800\" height=\"600\" src=\"https:\/\/skylineecoliving.com\/wp-content\/uploads\/2026\/02\/foundation-community-children-dog.jpg\" class=\"attachment-full size-full wp-image-3328\" alt=\"\" srcset=\"https:\/\/skylineecoliving.com\/wp-content\/uploads\/2026\/02\/foundation-community-children-dog.jpg 800w, https:\/\/skylineecoliving.com\/wp-content\/uploads\/2026\/02\/foundation-community-children-dog-300x225.jpg 300w, https:\/\/skylineecoliving.com\/wp-content\/uploads\/2026\/02\/foundation-community-children-dog-768x576.jpg 768w, https:\/\/skylineecoliving.com\/wp-content\/uploads\/2026\/02\/foundation-community-children-dog-780x585.jpg 780w, https:\/\/skylineecoliving.com\/wp-content\/uploads\/2026\/02\/foundation-community-children-dog-600x450.jpg 600w, https:\/\/skylineecoliving.com\/wp-content\/uploads\/2026\/02\/foundation-community-children-dog-550x413.jpg 550w, https:\/\/skylineecoliving.com\/wp-content\/uploads\/2026\/02\/foundation-community-children-dog-370x278.jpg 370w, https:\/\/skylineecoliving.com\/wp-content\/uploads\/2026\/02\/foundation-community-children-dog-255x191.jpg 255w\" sizes=\"(max-width: 800px) 100vw, 800px\" \/><\/a>                    <\/div>                    <div class=\"cs-gallery-item\">                            <a href=\"https:\/\/www.skylineecoliving.com\/wp-content\/uploads\/2026\/02\/foundation-medical-checkup-schoolgirl.jpg\" data-elementor-open-lightbox=\"yes\" data-elementor-lightbox-slideshow=\"cf282b2\" data-elementor-lightbox-title=\"foundation-medical-checkup-schoolgirl\" data-e-action-hash=\"#elementor-action%3Aaction%3Dlightbox%26settings%3DeyJpZCI6MzMzNSwidXJsIjoiaHR0cHM6XC9cL3NreWxpbmVlY29saXZpbmcuY29tXC93cC1jb250ZW50XC91cGxvYWRzXC8yMDI2XC8wMlwvZm91bmRhdGlvbi1tZWRpY2FsLWNoZWNrdXAtc2Nob29sZ2lybC5qcGciLCJzbGlkZXNob3ciOiJjZjI4MmIyIn0%3D\" aria-label=\"Image\"><img decoding=\"async\" width=\"800\" height=\"600\" src=\"https:\/\/skylineecoliving.com\/wp-content\/uploads\/2026\/02\/foundation-medical-checkup-schoolgirl.jpg\" class=\"attachment-full size-full wp-image-3335\" alt=\"\" srcset=\"https:\/\/skylineecoliving.com\/wp-content\/uploads\/2026\/02\/foundation-medical-checkup-schoolgirl.jpg 800w, https:\/\/skylineecoliving.com\/wp-content\/uploads\/2026\/02\/foundation-medical-checkup-schoolgirl-300x225.jpg 300w, https:\/\/skylineecoliving.com\/wp-content\/uploads\/2026\/02\/foundation-medical-checkup-schoolgirl-768x576.jpg 768w, https:\/\/skylineecoliving.com\/wp-content\/uploads\/2026\/02\/foundation-medical-checkup-schoolgirl-780x585.jpg 780w, https:\/\/skylineecoliving.com\/wp-content\/uploads\/2026\/02\/foundation-medical-checkup-schoolgirl-600x450.jpg 600w, https:\/\/skylineecoliving.com\/wp-content\/uploads\/2026\/02\/foundation-medical-checkup-schoolgirl-550x413.jpg 550w, https:\/\/skylineecoliving.com\/wp-content\/uploads\/2026\/02\/foundation-medical-checkup-schoolgirl-370x278.jpg 370w, https:\/\/skylineecoliving.com\/wp-content\/uploads\/2026\/02\/foundation-medical-checkup-schoolgirl-255x191.jpg 255w\" sizes=\"(max-width: 800px) 100vw, 800px\" \/><\/a>                    <\/div>                    <div class=\"cs-gallery-item\">                            <a href=\"https:\/\/www.skylineecoliving.com\/wp-content\/uploads\/2026\/02\/foundation-outdoor-education-forest.jpg\" data-elementor-open-lightbox=\"yes\" data-elementor-lightbox-slideshow=\"cf282b2\" data-elementor-lightbox-title=\"foundation-outdoor-education-forest\" data-e-action-hash=\"#elementor-action%3Aaction%3Dlightbox%26settings%3DeyJpZCI6MzMzOCwidXJsIjoiaHR0cHM6XC9cL3NreWxpbmVlY29saXZpbmcuY29tXC93cC1jb250ZW50XC91cGxvYWRzXC8yMDI2XC8wMlwvZm91bmRhdGlvbi1vdXRkb29yLWVkdWNhdGlvbi1mb3Jlc3QuanBnIiwic2xpZGVzaG93IjoiY2YyODJiMiJ9\" aria-label=\"Image\"><img loading=\"lazy\" decoding=\"async\" width=\"800\" height=\"600\" src=\"https:\/\/skylineecoliving.com\/wp-content\/uploads\/2026\/02\/foundation-outdoor-education-forest.jpg\" class=\"attachment-full size-full wp-image-3338\" alt=\"\" srcset=\"https:\/\/skylineecoliving.com\/wp-content\/uploads\/2026\/02\/foundation-outdoor-education-forest.jpg 800w, https:\/\/skylineecoliving.com\/wp-content\/uploads\/2026\/02\/foundation-outdoor-education-forest-300x225.jpg 300w, https:\/\/skylineecoliving.com\/wp-content\/uploads\/2026\/02\/foundation-outdoor-education-forest-768x576.jpg 768w, https:\/\/skylineecoliving.com\/wp-content\/uploads\/2026\/02\/foundation-outdoor-education-forest-780x585.jpg 780w, https:\/\/skylineecoliving.com\/wp-content\/uploads\/2026\/02\/foundation-outdoor-education-forest-600x450.jpg 600w, https:\/\/skylineecoliving.com\/wp-content\/uploads\/2026\/02\/foundation-outdoor-education-forest-550x413.jpg 550w, https:\/\/skylineecoliving.com\/wp-content\/uploads\/2026\/02\/foundation-outdoor-education-forest-370x278.jpg 370w, https:\/\/skylineecoliving.com\/wp-content\/uploads\/2026\/02\/foundation-outdoor-education-forest-255x191.jpg 255w\" sizes=\"(max-width: 800px) 100vw, 800px\" \/><\/a>                    <\/div>                    <div class=\"cs-gallery-item\">                            <a href=\"https:\/\/www.skylineecoliving.com\/wp-content\/uploads\/2026\/02\/foundation-music-instructor-ukulele-nature.jpg\" data-elementor-open-lightbox=\"yes\" data-elementor-lightbox-slideshow=\"cf282b2\" data-elementor-lightbox-title=\"foundation-music-instructor-ukulele-nature\" data-e-action-hash=\"#elementor-action%3Aaction%3Dlightbox%26settings%3DeyJpZCI6MzMzNywidXJsIjoiaHR0cHM6XC9cL3NreWxpbmVlY29saXZpbmcuY29tXC93cC1jb250ZW50XC91cGxvYWRzXC8yMDI2XC8wMlwvZm91bmRhdGlvbi1tdXNpYy1pbnN0cnVjdG9yLXVrdWxlbGUtbmF0dXJlLmpwZyIsInNsaWRlc2hvdyI6ImNmMjgyYjIifQ%3D%3D\" aria-label=\"Image\"><img loading=\"lazy\" decoding=\"async\" width=\"800\" height=\"600\" src=\"https:\/\/skylineecoliving.com\/wp-content\/uploads\/2026\/02\/foundation-music-instructor-ukulele-nature.jpg\" class=\"attachment-full size-full wp-image-3337\" alt=\"\" srcset=\"https:\/\/skylineecoliving.com\/wp-content\/uploads\/2026\/02\/foundation-music-instructor-ukulele-nature.jpg 800w, https:\/\/skylineecoliving.com\/wp-content\/uploads\/2026\/02\/foundation-music-instructor-ukulele-nature-300x225.jpg 300w, https:\/\/skylineecoliving.com\/wp-content\/uploads\/2026\/02\/foundation-music-instructor-ukulele-nature-768x576.jpg 768w, https:\/\/skylineecoliving.com\/wp-content\/uploads\/2026\/02\/foundation-music-instructor-ukulele-nature-780x585.jpg 780w, https:\/\/skylineecoliving.com\/wp-content\/uploads\/2026\/02\/foundation-music-instructor-ukulele-nature-600x450.jpg 600w, https:\/\/skylineecoliving.com\/wp-content\/uploads\/2026\/02\/foundation-music-instructor-ukulele-nature-550x413.jpg 550w, https:\/\/skylineecoliving.com\/wp-content\/uploads\/2026\/02\/foundation-music-instructor-ukulele-nature-370x278.jpg 370w, https:\/\/skylineecoliving.com\/wp-content\/uploads\/2026\/02\/foundation-music-instructor-ukulele-nature-255x191.jpg 255w\" sizes=\"(max-width: 800px) 100vw, 800px\" \/><\/a>                    <\/div>                    <div class=\"cs-gallery-item\">                            <a href=\"https:\/\/www.skylineecoliving.com\/wp-content\/uploads\/2026\/02\/foundation-meditation-class-schoolchildren.jpg\" data-elementor-open-lightbox=\"yes\" data-elementor-lightbox-slideshow=\"cf282b2\" data-elementor-lightbox-title=\"foundation-meditation-class-schoolchildren\" data-e-action-hash=\"#elementor-action%3Aaction%3Dlightbox%26settings%3DeyJpZCI6MzMzNiwidXJsIjoiaHR0cHM6XC9cL3NreWxpbmVlY29saXZpbmcuY29tXC93cC1jb250ZW50XC91cGxvYWRzXC8yMDI2XC8wMlwvZm91bmRhdGlvbi1tZWRpdGF0aW9uLWNsYXNzLXNjaG9vbGNoaWxkcmVuLmpwZyIsInNsaWRlc2hvdyI6ImNmMjgyYjIifQ%3D%3D\" aria-label=\"Image\"><img loading=\"lazy\" decoding=\"async\" width=\"800\" height=\"600\" src=\"https:\/\/skylineecoliving.com\/wp-content\/uploads\/2026\/02\/foundation-meditation-class-schoolchildren.jpg\" class=\"attachment-full size-full wp-image-3336\" alt=\"\" srcset=\"https:\/\/skylineecoliving.com\/wp-content\/uploads\/2026\/02\/foundation-meditation-class-schoolchildren.jpg 800w, https:\/\/skylineecoliving.com\/wp-content\/uploads\/2026\/02\/foundation-meditation-class-schoolchildren-300x225.jpg 300w, https:\/\/skylineecoliving.com\/wp-content\/uploads\/2026\/02\/foundation-meditation-class-schoolchildren-768x576.jpg 768w, https:\/\/skylineecoliving.com\/wp-content\/uploads\/2026\/02\/foundation-meditation-class-schoolchildren-780x585.jpg 780w, https:\/\/skylineecoliving.com\/wp-content\/uploads\/2026\/02\/foundation-meditation-class-schoolchildren-600x450.jpg 600w, https:\/\/skylineecoliving.com\/wp-content\/uploads\/2026\/02\/foundation-meditation-class-schoolchildren-550x413.jpg 550w, https:\/\/skylineecoliving.com\/wp-content\/uploads\/2026\/02\/foundation-meditation-class-schoolchildren-370x278.jpg 370w, https:\/\/skylineecoliving.com\/wp-content\/uploads\/2026\/02\/foundation-meditation-class-schoolchildren-255x191.jpg 255w\" sizes=\"(max-width: 800px) 100vw, 800px\" \/><\/a>                    <\/div>                    <div class=\"cs-gallery-item\">                            <a href=\"https:\/\/www.skylineecoliving.com\/wp-content\/uploads\/2026\/02\/foundation-forest-music-circle-children.jpg\" data-elementor-open-lightbox=\"yes\" data-elementor-lightbox-slideshow=\"cf282b2\" data-elementor-lightbox-title=\"foundation-forest-music-circle-children\" data-e-action-hash=\"#elementor-action%3Aaction%3Dlightbox%26settings%3DeyJpZCI6MzMzMywidXJsIjoiaHR0cHM6XC9cL3NreWxpbmVlY29saXZpbmcuY29tXC93cC1jb250ZW50XC91cGxvYWRzXC8yMDI2XC8wMlwvZm91bmRhdGlvbi1mb3Jlc3QtbXVzaWMtY2lyY2xlLWNoaWxkcmVuLmpwZyIsInNsaWRlc2hvdyI6ImNmMjgyYjIifQ%3D%3D\" aria-label=\"Image\"><img loading=\"lazy\" decoding=\"async\" width=\"800\" height=\"600\" src=\"https:\/\/skylineecoliving.com\/wp-content\/uploads\/2026\/02\/foundation-forest-music-circle-children.jpg\" class=\"attachment-full size-full wp-image-3333\" alt=\"\" srcset=\"https:\/\/skylineecoliving.com\/wp-content\/uploads\/2026\/02\/foundation-forest-music-circle-children.jpg 800w, https:\/\/skylineecoliving.com\/wp-content\/uploads\/2026\/02\/foundation-forest-music-circle-children-300x225.jpg 300w, https:\/\/skylineecoliving.com\/wp-content\/uploads\/2026\/02\/foundation-forest-music-circle-children-768x576.jpg 768w, https:\/\/skylineecoliving.com\/wp-content\/uploads\/2026\/02\/foundation-forest-music-circle-children-780x585.jpg 780w, https:\/\/skylineecoliving.com\/wp-content\/uploads\/2026\/02\/foundation-forest-music-circle-children-600x450.jpg 600w, https:\/\/skylineecoliving.com\/wp-content\/uploads\/2026\/02\/foundation-forest-music-circle-children-550x413.jpg 550w, https:\/\/skylineecoliving.com\/wp-content\/uploads\/2026\/02\/foundation-forest-music-circle-children-370x278.jpg 370w, https:\/\/skylineecoliving.com\/wp-content\/uploads\/2026\/02\/foundation-forest-music-circle-children-255x191.jpg 255w\" sizes=\"(max-width: 800px) 100vw, 800px\" \/><\/a>                    <\/div>                    <div class=\"cs-gallery-item\">                            <a href=\"https:\/\/www.skylineecoliving.com\/wp-content\/uploads\/2026\/02\/foundation-dance-instructors-students.jpg\" data-elementor-open-lightbox=\"yes\" data-elementor-lightbox-slideshow=\"cf282b2\" data-elementor-lightbox-title=\"foundation-dance-instructors-students\" data-e-action-hash=\"#elementor-action%3Aaction%3Dlightbox%26settings%3DeyJpZCI6MzMzMiwidXJsIjoiaHR0cHM6XC9cL3NreWxpbmVlY29saXZpbmcuY29tXC93cC1jb250ZW50XC91cGxvYWRzXC8yMDI2XC8wMlwvZm91bmRhdGlvbi1kYW5jZS1pbnN0cnVjdG9ycy1zdHVkZW50cy5qcGciLCJzbGlkZXNob3ciOiJjZjI4MmIyIn0%3D\" aria-label=\"Image\"><img loading=\"lazy\" decoding=\"async\" width=\"800\" height=\"600\" src=\"https:\/\/skylineecoliving.com\/wp-content\/uploads\/2026\/02\/foundation-dance-instructors-students.jpg\" class=\"attachment-full size-full wp-image-3332\" alt=\"\" srcset=\"https:\/\/skylineecoliving.com\/wp-content\/uploads\/2026\/02\/foundation-dance-instructors-students.jpg 800w, https:\/\/skylineecoliving.com\/wp-content\/uploads\/2026\/02\/foundation-dance-instructors-students-300x225.jpg 300w, https:\/\/skylineecoliving.com\/wp-content\/uploads\/2026\/02\/foundation-dance-instructors-students-768x576.jpg 768w, https:\/\/skylineecoliving.com\/wp-content\/uploads\/2026\/02\/foundation-dance-instructors-students-780x585.jpg 780w, https:\/\/skylineecoliving.com\/wp-content\/uploads\/2026\/02\/foundation-dance-instructors-students-600x450.jpg 600w, https:\/\/skylineecoliving.com\/wp-content\/uploads\/2026\/02\/foundation-dance-instructors-students-550x413.jpg 550w, https:\/\/skylineecoliving.com\/wp-content\/uploads\/2026\/02\/foundation-dance-instructors-students-370x278.jpg 370w, https:\/\/skylineecoliving.com\/wp-content\/uploads\/2026\/02\/foundation-dance-instructors-students-255x191.jpg 255w\" sizes=\"(max-width: 800px) 100vw, 800px\" \/><\/a>                    <\/div>                    <div class=\"cs-gallery-item\">                            <a href=\"https:\/\/www.skylineecoliving.com\/wp-content\/uploads\/2026\/02\/foundation-classroom-volunteer-teaching.jpg\" data-elementor-open-lightbox=\"yes\" data-elementor-lightbox-slideshow=\"cf282b2\" data-elementor-lightbox-title=\"foundation-classroom-volunteer-teaching\" data-e-action-hash=\"#elementor-action%3Aaction%3Dlightbox%26settings%3DeyJpZCI6MzMzMSwidXJsIjoiaHR0cHM6XC9cL3NreWxpbmVlY29saXZpbmcuY29tXC93cC1jb250ZW50XC91cGxvYWRzXC8yMDI2XC8wMlwvZm91bmRhdGlvbi1jbGFzc3Jvb20tdm9sdW50ZWVyLXRlYWNoaW5nLmpwZyIsInNsaWRlc2hvdyI6ImNmMjgyYjIifQ%3D%3D\" aria-label=\"Image\"><img loading=\"lazy\" decoding=\"async\" width=\"800\" height=\"600\" src=\"https:\/\/skylineecoliving.com\/wp-content\/uploads\/2026\/02\/foundation-classroom-volunteer-teaching.jpg\" class=\"attachment-full size-full wp-image-3331\" alt=\"\" srcset=\"https:\/\/skylineecoliving.com\/wp-content\/uploads\/2026\/02\/foundation-classroom-volunteer-teaching.jpg 800w, https:\/\/skylineecoliving.com\/wp-content\/uploads\/2026\/02\/foundation-classroom-volunteer-teaching-300x225.jpg 300w, https:\/\/skylineecoliving.com\/wp-content\/uploads\/2026\/02\/foundation-classroom-volunteer-teaching-768x576.jpg 768w, https:\/\/skylineecoliving.com\/wp-content\/uploads\/2026\/02\/foundation-classroom-volunteer-teaching-780x585.jpg 780w, https:\/\/skylineecoliving.com\/wp-content\/uploads\/2026\/02\/foundation-classroom-volunteer-teaching-600x450.jpg 600w, https:\/\/skylineecoliving.com\/wp-content\/uploads\/2026\/02\/foundation-classroom-volunteer-teaching-550x413.jpg 550w, https:\/\/skylineecoliving.com\/wp-content\/uploads\/2026\/02\/foundation-classroom-volunteer-teaching-370x278.jpg 370w, https:\/\/skylineecoliving.com\/wp-content\/uploads\/2026\/02\/foundation-classroom-volunteer-teaching-255x191.jpg 255w\" sizes=\"(max-width: 800px) 100vw, 800px\" \/><\/a>                    <\/div>                    <div class=\"cs-gallery-item\">                            <a href=\"https:\/\/www.skylineecoliving.com\/wp-content\/uploads\/2026\/02\/foundation-children-meditation-practice.jpg\" data-elementor-open-lightbox=\"yes\" data-elementor-lightbox-slideshow=\"cf282b2\" data-elementor-lightbox-title=\"foundation-children-meditation-practice\" data-e-action-hash=\"#elementor-action%3Aaction%3Dlightbox%26settings%3DeyJpZCI6MzMzMCwidXJsIjoiaHR0cHM6XC9cL3NreWxpbmVlY29saXZpbmcuY29tXC93cC1jb250ZW50XC91cGxvYWRzXC8yMDI2XC8wMlwvZm91bmRhdGlvbi1jaGlsZHJlbi1tZWRpdGF0aW9uLXByYWN0aWNlLmpwZyIsInNsaWRlc2hvdyI6ImNmMjgyYjIifQ%3D%3D\" aria-label=\"Image\"><img loading=\"lazy\" decoding=\"async\" width=\"800\" height=\"600\" src=\"https:\/\/skylineecoliving.com\/wp-content\/uploads\/2026\/02\/foundation-children-meditation-practice.jpg\" class=\"attachment-full size-full wp-image-3330\" alt=\"\" srcset=\"https:\/\/skylineecoliving.com\/wp-content\/uploads\/2026\/02\/foundation-children-meditation-practice.jpg 800w, https:\/\/skylineecoliving.com\/wp-content\/uploads\/2026\/02\/foundation-children-meditation-practice-300x225.jpg 300w, https:\/\/skylineecoliving.com\/wp-content\/uploads\/2026\/02\/foundation-children-meditation-practice-768x576.jpg 768w, https:\/\/skylineecoliving.com\/wp-content\/uploads\/2026\/02\/foundation-children-meditation-practice-780x585.jpg 780w, https:\/\/skylineecoliving.com\/wp-content\/uploads\/2026\/02\/foundation-children-meditation-practice-600x450.jpg 600w, https:\/\/skylineecoliving.com\/wp-content\/uploads\/2026\/02\/foundation-children-meditation-practice-550x413.jpg 550w, https:\/\/skylineecoliving.com\/wp-content\/uploads\/2026\/02\/foundation-children-meditation-practice-370x278.jpg 370w, https:\/\/skylineecoliving.com\/wp-content\/uploads\/2026\/02\/foundation-children-meditation-practice-255x191.jpg 255w\" sizes=\"(max-width: 800px) 100vw, 800px\" \/><\/a>                    <\/div>                <\/div>\n            <\/div>\t\t\t\t<\/div>\n\t\t\t\t<\/div>\n\t\t\t\t\t<\/div>\n\t\t\t\t<\/div>\n\t\t\t\t<\/div>","protected":false},"excerpt":{"rendered":"<p>GIVE BACK Our Foundation At Skyline, we believe the mountain gives us more than we could ever ask for. Our foundation is how we give back, creating opportunities for the children and young people of Santa Elena through direct educational programs at local primary schools. OUR FOUNDATION Every stay at Skyline Ecoliving supports the foundation. &#8230;<\/p>","protected":false},"author":1,"featured_media":0,"parent":1810,"menu_order":0,"comment_status":"closed","ping_status":"closed","template":"template-wide-content.php","meta":{"cozystay_single_page_hide_site_header":"","cozystay_single_page_site_header_source":"","cozystay_single_page_custom_site_header":"0","cozystay_single_page_custom_sticky_site_header":"0","cozystay_single_page_hide_page_title":"on","cozystay_single_page_header_section_size":"","cozystay_single_page_header_background_color":"","cozystay_single_page_header_background_position_x":"center","cozystay_single_page_header_background_position_y":"center","cozystay_single_page_header_background_size":"cover","cozystay_single_page_header_background_repeat":"off","cozystay_single_page_header_background_scroll":"on","cozystay_single_page_header_text_color":"","cozystay_single_page_header_show_breadcrumb":"","cozystay_single_page_site_footer_hide_main":"","cozystay_single_custom_site_footer_main_source":"","cozystay_single_custom_site_footer_main":"0","cozystay_single_page_site_footer_hide_above":"","cozystay_single_custom_site_footer_above_source":"","cozystay_single_custom_site_footer_above":"0","cozystay_single_page_site_footer_hide_instagram":"","cozystay_single_page_site_footer_hide_bottom":"","cozystay_single_custom_mobile_menu_source":"","cozystay_single_custom_mobile_menu":"0","cozystay_single_custom_mobile_menu_animation":"","cozystay_single_custom_mobile_menu_width":"","cozystay_single_custom_mobile_menu_custom_width":375,"_joinchat":[],"footnotes":""},"class_list":["post-3326","page","type-page","status-publish","hentry"],"_links":{"self":[{"href":"https:\/\/skylineecoliving.com\/es\/wp-json\/wp\/v2\/pages\/3326","targetHints":{"allow":["GET"]}}],"collection":[{"href":"https:\/\/skylineecoliving.com\/es\/wp-json\/wp\/v2\/pages"}],"about":[{"href":"https:\/\/skylineecoliving.com\/es\/wp-json\/wp\/v2\/types\/page"}],"author":[{"embeddable":true,"href":"https:\/\/skylineecoliving.com\/es\/wp-json\/wp\/v2\/users\/1"}],"replies":[{"embeddable":true,"href":"https:\/\/skylineecoliving.com\/es\/wp-json\/wp\/v2\/comments?post=3326"}],"version-history":[{"count":5,"href":"https:\/\/skylineecoliving.com\/es\/wp-json\/wp\/v2\/pages\/3326\/revisions"}],"predecessor-version":[{"id":3343,"href":"https:\/\/skylineecoliving.com\/es\/wp-json\/wp\/v2\/pages\/3326\/revisions\/3343"}],"up":[{"embeddable":true,"href":"https:\/\/skylineecoliving.com\/es\/wp-json\/wp\/v2\/pages\/1810"}],"wp:attachment":[{"href":"https:\/\/skylineecoliving.com\/es\/wp-json\/wp\/v2\/media?parent=3326"}],"curies":[{"name":"wp","href":"https:\/\/api.w.org\/{rel}","templated":true}]}}