{"id":3201,"date":"2026-02-27T16:31:38","date_gmt":"2026-02-27T16:31:38","guid":{"rendered":"https:\/\/www.skylineecoliving.com\/?page_id=3201"},"modified":"2026-02-27T18:53:38","modified_gmt":"2026-02-27T18:53:38","slug":"sostenibilidad","status":"publish","type":"page","link":"https:\/\/skylineecoliving.com\/es\/amenities\/sustainability\/","title":{"rendered":"Sostenibilidad"},"content":{"rendered":"<div data-elementor-type=\"wp-page\" data-elementor-id=\"3201\" class=\"elementor elementor-3201\" data-elementor-post-type=\"page\">\n\t\t\t\t\t\t<section class=\"elementor-section elementor-top-section elementor-element elementor-element-b94fb64 elementor-section-height-min-height cs-section-content-fullwidth cs-parallax-on-scroll cs_scroll_y_80 elementor-section-boxed elementor-section-height-default elementor-section-items-middle\" data-id=\"b94fb64\" data-element_type=\"section\" data-e-type=\"section\" data-settings=\"{&quot;background_background&quot;:&quot;classic&quot;}\" data-cs-parallax-y=\"80\" style=\"background-image: none;\" data-cs-background-image=\"https:\/\/www.skylineecoliving.com\/wp-content\/uploads\/2026\/02\/sustainability-eco-lodge-aerial-full-property.jpg\" data-cs-background-image-alt-text=\"\">\n\t\t\t\t\t\t\t<div class=\"elementor-background-overlay\"><\/div>\n\t\t\t\t\t\t\t<div class=\"elementor-container elementor-column-gap-no\">\n\t\t\t\t\t<div class=\"elementor-column elementor-col-100 elementor-top-column elementor-element elementor-element-d9c1d37 dark-color\" data-id=\"d9c1d37\" data-element_type=\"column\" data-e-type=\"column\">\n\t\t\t<div class=\"elementor-widget-wrap elementor-element-populated\">\n\t\t\t\t\t\t<div class=\"elementor-element elementor-element-e31f8fa elementor-widget elementor-widget-cs_title\" data-id=\"e31f8fa\" data-element_type=\"widget\" data-e-type=\"widget\" data-widget_type=\"cs_title.default\">\n\t\t\t\t<div class=\"elementor-widget-container\">\n\t\t\t\t\t\n        <div class=\"cs-title-wrap text-center\">\t            <div class=\"cs-subtitle-wrap\"><span class=\"cs-subtitle color-white\">NUESTRO COMPROMISO<\/span><\/div>\t            <h1 class=\"cs-title\">\n\t                100% Sostenible\t            <\/h1>\t            <div class=\"cs-title-text\">\n\t                <p>En Skyline Ecoliving, la sostenibilidad no es una idea secundaria. Es la base sobre la que se construye todo.<\/p>\t            <\/div>        <\/div>\t\t\t\t<\/div>\n\t\t\t\t<\/div>\n\t\t\t\t\t<\/div>\n\t\t<\/div>\n\t\t\t\t\t<\/div>\n\t\t<\/section>\n\t\t\t\t<section class=\"elementor-section elementor-top-section elementor-element elementor-element-a821375 elementor-section-content-middle animated-slow elementor-section-boxed elementor-section-height-default elementor-section-height-default elementor-invisible\" data-id=\"a821375\" data-element_type=\"section\" data-e-type=\"section\" data-settings=\"{&quot;background_background&quot;:&quot;classic&quot;,&quot;animation&quot;:&quot;fadeIn&quot;,&quot;animation_delay&quot;:150}\">\n\t\t\t\t\t\t<div class=\"elementor-container elementor-column-gap-no\">\n\t\t\t\t\t<div class=\"elementor-column elementor-col-100 elementor-top-column elementor-element elementor-element-373b86a\" data-id=\"373b86a\" data-element_type=\"column\" data-e-type=\"column\">\n\t\t\t<div class=\"elementor-widget-wrap elementor-element-populated\">\n\t\t\t\t\t\t<div class=\"elementor-element elementor-element-3e53123 elementor-widget elementor-widget-cs_title\" data-id=\"3e53123\" data-element_type=\"widget\" data-e-type=\"widget\" data-widget_type=\"cs_title.default\">\n\t\t\t\t<div class=\"elementor-widget-container\">\n\t\t\t\t\t\n        <div class=\"cs-title-wrap text-left\">\t            <h2 class=\"cs-title\">\n\t                100% Sostenible\t            <\/h2>\t            <div class=\"cs-title-text\">\n\t                <p><strong>Energ\u00eda solar<\/strong><br \/>Todas nuestras caba\u00f1as y tiendas de glamping funcionan \u00edntegramente con energ\u00eda solar limpia y renovable. Sin conexi\u00f3n a la red el\u00e9ctrica, sin concesiones.<br \/><br \/><strong>Recolecci\u00f3n de agua de lluvia<\/strong><br \/>Recogemos y filtramos el agua de lluvia para abastecer nuestras instalaciones, minimizando nuestra huella h\u00eddrica y aprovechando al m\u00e1ximo lo que nos ofrece la naturaleza.<br \/><br \/><strong>Reducci\u00f3n de residuos<\/strong><br \/>Implementamos pr\u00e1cticas de reciclaje en toda la propiedad para garantizar que los materiales se reutilicen o reciclen adecuadamente, protegiendo as\u00ed los ecosistemas que nos rodean.<br \/><br \/><strong>M\u00e1s de 500 \u00e1rboles aut\u00f3ctonos<\/strong><br \/>Restauramos activamente el paisaje local plantando \u00e1rboles aut\u00f3ctonos y apoyando el retorno de la flora y la fauna locales.<br \/><br \/><strong>Trabajando para obtener la certificaci\u00f3n<\/strong><br \/>Estamos buscando obtener una certificaci\u00f3n ambiental internacional para validar nuestras pr\u00e1cticas y esforzarnos por seguir mejorando.<\/p><p>\u00a0<\/p>\t            <\/div>        <\/div>\t\t\t\t<\/div>\n\t\t\t\t<\/div>\n\t\t\t\t\t<\/div>\n\t\t<\/div>\n\t\t\t\t\t<\/div>\n\t\t<\/section>\n\t\t<div class=\"elementor-element elementor-element-607287f e-flex e-con-boxed e-con e-parent\" data-id=\"607287f\" data-element_type=\"container\" data-e-type=\"container\">\n\t\t\t\t\t<div class=\"e-con-inner\">\n\t\t<div class=\"elementor-element elementor-element-fac88de e-con-full e-flex e-con e-child\" data-id=\"fac88de\" data-element_type=\"container\" data-e-type=\"container\">\n\t\t\t\t<div class=\"elementor-element elementor-element-664805c elementor-widget elementor-widget-image\" data-id=\"664805c\" data-element_type=\"widget\" data-e-type=\"widget\" data-widget_type=\"image.default\">\n\t\t\t\t\t\t\t\t\t\t\t\t\t\t\t<img fetchpriority=\"high\" decoding=\"async\" width=\"1000\" height=\"644\" src=\"https:\/\/skylineecoliving.com\/wp-content\/uploads\/2026\/02\/sustainability-tree-planting-closeup.jpg\" class=\"attachment-large size-large wp-image-3216\" alt=\"\" srcset=\"https:\/\/skylineecoliving.com\/wp-content\/uploads\/2026\/02\/sustainability-tree-planting-closeup.jpg 1000w, https:\/\/skylineecoliving.com\/wp-content\/uploads\/2026\/02\/sustainability-tree-planting-closeup-300x193.jpg 300w, https:\/\/skylineecoliving.com\/wp-content\/uploads\/2026\/02\/sustainability-tree-planting-closeup-768x495.jpg 768w, https:\/\/skylineecoliving.com\/wp-content\/uploads\/2026\/02\/sustainability-tree-planting-closeup-780x502.jpg 780w, https:\/\/skylineecoliving.com\/wp-content\/uploads\/2026\/02\/sustainability-tree-planting-closeup-600x386.jpg 600w, https:\/\/skylineecoliving.com\/wp-content\/uploads\/2026\/02\/sustainability-tree-planting-closeup-550x354.jpg 550w, https:\/\/skylineecoliving.com\/wp-content\/uploads\/2026\/02\/sustainability-tree-planting-closeup-370x238.jpg 370w, https:\/\/skylineecoliving.com\/wp-content\/uploads\/2026\/02\/sustainability-tree-planting-closeup-255x164.jpg 255w\" sizes=\"(max-width: 1000px) 100vw, 1000px\" \/>\t\t\t\t\t\t\t\t\t\t\t\t\t\t\t<\/div>\n\t\t\t\t<\/div>\n\t\t<div class=\"elementor-element elementor-element-bb4eddb e-con-full e-flex e-con e-child\" data-id=\"bb4eddb\" data-element_type=\"container\" data-e-type=\"container\">\n\t\t\t\t<div class=\"elementor-element elementor-element-b347d7b elementor-widget elementor-widget-image\" data-id=\"b347d7b\" data-element_type=\"widget\" data-e-type=\"widget\" data-widget_type=\"image.default\">\n\t\t\t\t\t\t\t\t\t\t\t\t\t\t\t<img decoding=\"async\" width=\"1000\" height=\"644\" src=\"https:\/\/skylineecoliving.com\/wp-content\/uploads\/2026\/02\/sustainability-water-tanks-aerial-drone.jpg\" class=\"attachment-large size-large wp-image-3217\" alt=\"\" srcset=\"https:\/\/skylineecoliving.com\/wp-content\/uploads\/2026\/02\/sustainability-water-tanks-aerial-drone.jpg 1000w, https:\/\/skylineecoliving.com\/wp-content\/uploads\/2026\/02\/sustainability-water-tanks-aerial-drone-300x193.jpg 300w, https:\/\/skylineecoliving.com\/wp-content\/uploads\/2026\/02\/sustainability-water-tanks-aerial-drone-768x495.jpg 768w, https:\/\/skylineecoliving.com\/wp-content\/uploads\/2026\/02\/sustainability-water-tanks-aerial-drone-780x502.jpg 780w, https:\/\/skylineecoliving.com\/wp-content\/uploads\/2026\/02\/sustainability-water-tanks-aerial-drone-600x386.jpg 600w, https:\/\/skylineecoliving.com\/wp-content\/uploads\/2026\/02\/sustainability-water-tanks-aerial-drone-550x354.jpg 550w, https:\/\/skylineecoliving.com\/wp-content\/uploads\/2026\/02\/sustainability-water-tanks-aerial-drone-370x238.jpg 370w, https:\/\/skylineecoliving.com\/wp-content\/uploads\/2026\/02\/sustainability-water-tanks-aerial-drone-255x164.jpg 255w\" sizes=\"(max-width: 1000px) 100vw, 1000px\" \/>\t\t\t\t\t\t\t\t\t\t\t\t\t\t\t<\/div>\n\t\t\t\t<\/div>\n\t\t\t\t\t<\/div>\n\t\t\t\t<\/div>\n\t\t<div class=\"elementor-element elementor-element-7dfc5df e-flex e-con-boxed e-con e-parent\" data-id=\"7dfc5df\" data-element_type=\"container\" data-e-type=\"container\">\n\t\t\t\t\t<div class=\"e-con-inner\">\n\t\t<div class=\"elementor-element elementor-element-1bc128a e-con-full e-flex e-con e-child\" data-id=\"1bc128a\" data-element_type=\"container\" data-e-type=\"container\">\n\t\t\t\t<div class=\"elementor-element elementor-element-3862684 elementor-widget elementor-widget-image\" data-id=\"3862684\" data-element_type=\"widget\" data-e-type=\"widget\" data-widget_type=\"image.default\">\n\t\t\t\t\t\t\t\t\t\t\t\t\t\t\t<img decoding=\"async\" width=\"1000\" height=\"644\" src=\"https:\/\/skylineecoliving.com\/wp-content\/uploads\/2026\/02\/sustainability-welcome-sign-rainwater-solar.jpg\" class=\"attachment-large size-large wp-image-3218\" alt=\"\" srcset=\"https:\/\/skylineecoliving.com\/wp-content\/uploads\/2026\/02\/sustainability-welcome-sign-rainwater-solar.jpg 1000w, https:\/\/skylineecoliving.com\/wp-content\/uploads\/2026\/02\/sustainability-welcome-sign-rainwater-solar-300x193.jpg 300w, https:\/\/skylineecoliving.com\/wp-content\/uploads\/2026\/02\/sustainability-welcome-sign-rainwater-solar-768x495.jpg 768w, https:\/\/skylineecoliving.com\/wp-content\/uploads\/2026\/02\/sustainability-welcome-sign-rainwater-solar-780x502.jpg 780w, https:\/\/skylineecoliving.com\/wp-content\/uploads\/2026\/02\/sustainability-welcome-sign-rainwater-solar-600x386.jpg 600w, https:\/\/skylineecoliving.com\/wp-content\/uploads\/2026\/02\/sustainability-welcome-sign-rainwater-solar-550x354.jpg 550w, https:\/\/skylineecoliving.com\/wp-content\/uploads\/2026\/02\/sustainability-welcome-sign-rainwater-solar-370x238.jpg 370w, https:\/\/skylineecoliving.com\/wp-content\/uploads\/2026\/02\/sustainability-welcome-sign-rainwater-solar-255x164.jpg 255w\" sizes=\"(max-width: 1000px) 100vw, 1000px\" \/>\t\t\t\t\t\t\t\t\t\t\t\t\t\t\t<\/div>\n\t\t\t\t<\/div>\n\t\t<div class=\"elementor-element elementor-element-3f6babb e-con-full e-flex e-con e-child\" data-id=\"3f6babb\" data-element_type=\"container\" data-e-type=\"container\">\n\t\t\t\t<div class=\"elementor-element elementor-element-d7709b6 elementor-widget elementor-widget-image\" data-id=\"d7709b6\" data-element_type=\"widget\" data-e-type=\"widget\" data-widget_type=\"image.default\">\n\t\t\t\t\t\t\t\t\t\t\t\t\t\t\t<img loading=\"lazy\" decoding=\"async\" width=\"1000\" height=\"644\" src=\"https:\/\/skylineecoliving.com\/wp-content\/uploads\/2026\/02\/sustainability-solar-panels-cabin-aerial-1.jpg\" class=\"attachment-large size-large wp-image-3219\" alt=\"\" srcset=\"https:\/\/skylineecoliving.com\/wp-content\/uploads\/2026\/02\/sustainability-solar-panels-cabin-aerial-1.jpg 1000w, https:\/\/skylineecoliving.com\/wp-content\/uploads\/2026\/02\/sustainability-solar-panels-cabin-aerial-1-300x193.jpg 300w, https:\/\/skylineecoliving.com\/wp-content\/uploads\/2026\/02\/sustainability-solar-panels-cabin-aerial-1-768x495.jpg 768w, https:\/\/skylineecoliving.com\/wp-content\/uploads\/2026\/02\/sustainability-solar-panels-cabin-aerial-1-780x502.jpg 780w, https:\/\/skylineecoliving.com\/wp-content\/uploads\/2026\/02\/sustainability-solar-panels-cabin-aerial-1-600x386.jpg 600w, https:\/\/skylineecoliving.com\/wp-content\/uploads\/2026\/02\/sustainability-solar-panels-cabin-aerial-1-550x354.jpg 550w, https:\/\/skylineecoliving.com\/wp-content\/uploads\/2026\/02\/sustainability-solar-panels-cabin-aerial-1-370x238.jpg 370w, https:\/\/skylineecoliving.com\/wp-content\/uploads\/2026\/02\/sustainability-solar-panels-cabin-aerial-1-255x164.jpg 255w\" sizes=\"(max-width: 1000px) 100vw, 1000px\" \/>\t\t\t\t\t\t\t\t\t\t\t\t\t\t\t<\/div>\n\t\t\t\t<\/div>\n\t\t\t\t\t<\/div>\n\t\t\t\t<\/div>\n\t\t\t\t<\/div>","protected":false},"excerpt":{"rendered":"<p>OUR COMMITMENT 100% Sustainable At Skyline Ecoliving, sustainability is not an afterthought. It is the foundation everything is built on. 100% Sustainable Solar PoweredAll our cabins and glamping tents run entirely on clean, renewable solar energy. No grid, no compromise. Rainwater HarvestingWe collect and filter rainwater to supply our facilities, minimizing our water footprint and &#8230;<\/p>","protected":false},"author":1,"featured_media":0,"parent":319,"menu_order":0,"comment_status":"closed","ping_status":"closed","template":"template-wide-content.php","meta":{"cozystay_single_page_hide_site_header":"","cozystay_single_page_site_header_source":"","cozystay_single_page_custom_site_header":"0","cozystay_single_page_custom_sticky_site_header":"0","cozystay_single_page_hide_page_title":"on","cozystay_single_page_header_section_size":"","cozystay_single_page_header_background_color":"","cozystay_single_page_header_background_position_x":"center","cozystay_single_page_header_background_position_y":"center","cozystay_single_page_header_background_size":"cover","cozystay_single_page_header_background_repeat":"off","cozystay_single_page_header_background_scroll":"on","cozystay_single_page_header_text_color":"","cozystay_single_page_header_show_breadcrumb":"","cozystay_single_page_site_footer_hide_main":"","cozystay_single_custom_site_footer_main_source":"","cozystay_single_custom_site_footer_main":"0","cozystay_single_page_site_footer_hide_above":"","cozystay_single_custom_site_footer_above_source":"","cozystay_single_custom_site_footer_above":"0","cozystay_single_page_site_footer_hide_instagram":"","cozystay_single_page_site_footer_hide_bottom":"","cozystay_single_custom_mobile_menu_source":"","cozystay_single_custom_mobile_menu":"0","cozystay_single_custom_mobile_menu_animation":"","cozystay_single_custom_mobile_menu_width":"","cozystay_single_custom_mobile_menu_custom_width":375,"_joinchat":[],"footnotes":""},"class_list":["post-3201","page","type-page","status-publish","hentry"],"_links":{"self":[{"href":"https:\/\/skylineecoliving.com\/es\/wp-json\/wp\/v2\/pages\/3201","targetHints":{"allow":["GET"]}}],"collection":[{"href":"https:\/\/skylineecoliving.com\/es\/wp-json\/wp\/v2\/pages"}],"about":[{"href":"https:\/\/skylineecoliving.com\/es\/wp-json\/wp\/v2\/types\/page"}],"author":[{"embeddable":true,"href":"https:\/\/skylineecoliving.com\/es\/wp-json\/wp\/v2\/users\/1"}],"replies":[{"embeddable":true,"href":"https:\/\/skylineecoliving.com\/es\/wp-json\/wp\/v2\/comments?post=3201"}],"version-history":[{"count":11,"href":"https:\/\/skylineecoliving.com\/es\/wp-json\/wp\/v2\/pages\/3201\/revisions"}],"predecessor-version":[{"id":3272,"href":"https:\/\/skylineecoliving.com\/es\/wp-json\/wp\/v2\/pages\/3201\/revisions\/3272"}],"up":[{"embeddable":true,"href":"https:\/\/skylineecoliving.com\/es\/wp-json\/wp\/v2\/pages\/319"}],"wp:attachment":[{"href":"https:\/\/skylineecoliving.com\/es\/wp-json\/wp\/v2\/media?parent=3201"}],"curies":[{"name":"wp","href":"https:\/\/api.w.org\/{rel}","templated":true}]}}