{"id":3,"date":"2026-01-16T14:36:27","date_gmt":"2026-01-16T14:36:27","guid":{"rendered":"https:\/\/www.skylineecoliving.com\/?page_id=3"},"modified":"2026-02-27T19:40:28","modified_gmt":"2026-02-27T19:40:28","slug":"politica-de-privacidad","status":"publish","type":"page","link":"https:\/\/skylineecoliving.com\/es\/privacy-policy\/","title":{"rendered":"T\u00e9rminos y condiciones del servicio"},"content":{"rendered":"<div data-elementor-type=\"wp-page\" data-elementor-id=\"3\" class=\"elementor elementor-3\" data-elementor-post-type=\"page\">\n\t\t\t\t<div class=\"elementor-element elementor-element-60d56b0 e-flex e-con-boxed e-con e-parent\" data-id=\"60d56b0\" data-element_type=\"container\" data-e-type=\"container\">\n\t\t\t\t\t<div class=\"e-con-inner\">\n\t\t\t\t<div class=\"elementor-element elementor-element-1c5935eb elementor-widget elementor-widget-text-editor\" data-id=\"1c5935eb\" data-element_type=\"widget\" data-e-type=\"widget\" data-widget_type=\"text-editor.default\">\n\t\t\t\t\t\t\t\t\t<h2>Pol\u00edtica de cancelaci\u00f3n<\/h2>\n<p><!-- \/wp:heading --><\/p>\n<p><!-- wp:paragraph --><\/p>\n<p>Reembolso del 75% para cancelaciones realizadas en un plazo de 48 horas tras la reserva, siempre que queden m\u00e1s de 14 d\u00edas para la fecha de llegada.<\/p>\n<p><!-- \/wp:paragraph --><\/p>\n<p><!-- wp:heading --><\/p>\n<h2>Modificar condiciones<\/h2>\n<p><!-- \/wp:heading --><\/p>\n<p><!-- wp:paragraph --><\/p>\n<p>Solo se acepta un cambio por reserva, el cual debe solicitarse al menos 7 d\u00edas antes de la fecha de llegada.<\/p>\n<p><!-- \/wp:paragraph --><\/p>\n<p><!-- wp:paragraph --><\/p>\n<p>La opci\u00f3n de cambiar la fecha cuando falten 7 d\u00edas o menos para el check-in solo ser\u00e1 posible si se logra vender la caba\u00f1a a otra persona interesada y conllevar\u00e1 una multa de 100 000 pesos.<\/p>\n<p><!-- \/wp:paragraph --><\/p>\n<p><!-- wp:heading {\"level\":3} --><\/p>\n<h3>Pol\u00edtica de privacidad<\/h3>\n<p>Responsable del tratamiento<\/p>\n<p><!-- \/wp:heading --><\/p>\n<p><!-- wp:paragraph --><\/p>\n<p>Los datos personales almacenados en Skylineecoliving@gmail.com son responsabilidad de:<\/p>\n<p><!-- \/wp:paragraph --><\/p>\n<p><!-- wp:paragraph --><\/p>\n<p>Propietario: Propietario del sitio web<\/p>\n<p><!-- \/wp:paragraph --><\/p>\n<p><!-- wp:paragraph --><\/p>\n<p>Correo electr\u00f3nico: Skylineecoliving@gmail.com<\/p>\n<p><!-- \/wp:paragraph --><\/p>\n<p><!-- wp:paragraph --><\/p>\n<p>Datos personales tratados<\/p>\n<p><!-- \/wp:paragraph --><\/p>\n<p><!-- wp:paragraph --><\/p>\n<p>Los datos personales que se tratan en Skylineecoliving.com son:<\/p>\n<p><!-- \/wp:paragraph --><\/p>\n<p><!-- wp:paragraph --><\/p>\n<p>Para comprender la navegaci\u00f3n de los usuarios en el sitio web: sus patrones de uso, es decir, la informaci\u00f3n obtenida a trav\u00e9s de las cookies descritas en la pol\u00edtica de cookies, en relaci\u00f3n con la frecuencia con la que visitan el sitio web, qu\u00e9 secciones del sitio web visitan, desde qu\u00e9 navegador, en qu\u00e9 botones hacen clic, etc.<\/p>\n<p><!-- \/wp:paragraph --><\/p>\n<p><!-- wp:paragraph --><\/p>\n<p>Para gestionar la relaci\u00f3n con los suscriptores del servicio de membres\u00eda y del bolet\u00edn informativo o bolet\u00edn por correo electr\u00f3nico: nombre, direcci\u00f3n de correo electr\u00f3nico, nombre de usuario.<br \/>Finalidad del tratamiento de datos personales<\/p>\n<p><!-- \/wp:paragraph --><\/p>\n<p><!-- wp:paragraph --><\/p>\n<p>En colombiaglampingexperience.co, podemos tratar la informaci\u00f3n facilitada por los interesados con el fin de:<\/p>\n<p><!-- \/wp:paragraph --><\/p>\n<p><!-- wp:paragraph --><\/p>\n<p>Publicar contenido en el sitio web y gestionar los comentarios que se hagan en los art\u00edculos.<br \/>Comprender c\u00f3mo navegan los usuarios por el sitio web y adaptar el contenido y los productos a los h\u00e1bitos de navegaci\u00f3n y los intereses de la mayor\u00eda de los usuarios.<br \/>Gestionar la relaci\u00f3n con las personas suscritas al bolet\u00edn informativo, que puede incluir contenido comercial.<\/p>\n<p><!-- \/wp:paragraph --><\/p>\n<p><!-- wp:paragraph --><\/p>\n<p>Plazo de conservaci\u00f3n de los datos<\/p>\n<p><!-- \/wp:paragraph --><\/p>\n<p><!-- wp:paragraph --><\/p>\n<p>colombiaglampingexperience.co conservar\u00e1 los datos personales mientras la persona suscrita al bolet\u00edn informativo por correo electr\u00f3nico y a la membres\u00eda forme parte de los mismos. Si el interesado decide darse de baja, su informaci\u00f3n se conservar\u00e1 durante seis meses m\u00e1s, debidamente bloqueada, a menos que solicite la eliminaci\u00f3n de sus datos, en cuyo caso se responder\u00e1 a su solicitud en el plazo de un mes. Una vez que hayan expirado todos los plazos, los datos ser\u00e1n destruidos y solo se conservar\u00e1n los datos esenciales para el ejercicio de futuras reclamaciones, si existiera la posibilidad de realizar alguna.<\/p>\n<p><!-- \/wp:paragraph --><\/p>\n<p><!-- wp:heading --><\/p>\n<h2>Fundamento jur\u00eddico para el tratamiento de datos personales<\/h2>\n<p><!-- \/wp:heading --><\/p>\n<p><!-- wp:paragraph --><\/p>\n<p>El tratamiento de tus datos personales por parte de colombiaglampingexperience.co se basa en el consentimiento del usuario que navega por el sitio web y decide suscribirse a la membres\u00eda. El consentimiento otorgado por menores de 14 a\u00f1os no se considerar\u00e1 v\u00e1lido.<\/p>\n<p>\u00a0<\/p>\n<p>Destinatarios de tus datos personales<\/p>\n<p>Los destinatarios de los datos personales de los interesados son aquellos que resultan imprescindibles para el funcionamiento de este sitio web. A continuaci\u00f3n se enumeran dichas entidades y sus condiciones espec\u00edficas de privacidad.<\/p>\n<p>\u2013 WordPress.org (soporte t\u00e9cnico del sitio web)<\/p>\n<p>https:\/\/es.wordpress.org\/about\/privacy\/embed\/#?secret=Vm1qqTrfcd#?secret=qAxxvWWW1Q<\/p>\n<p>\u00a0<\/p>\n<p>\u2013 Google Analytics \u2013 Google Ireland Ltd. (medici\u00f3n de la interacci\u00f3n de los usuarios en el sitio web \u2013 datos agregados)<\/p>\n<p>https:\/\/privacy.google.com\/<\/p>\n<h3>Perfilado<\/h3>\n<p>En Skylineecoliving.com no se crean perfiles basados en los h\u00e1bitos de navegaci\u00f3n de usuarios espec\u00edficos. Las plataformas que crean perfiles, como Google Analytics y Facebook, solo comparten datos agregados con colombiaglampingexperience.co. En Skylineecoliving.com se pueden crear perfiles de los suscriptores al bolet\u00edn informativo en caso de que prefieran recibir contenido tem\u00e1tico espec\u00edfico en lugar del bolet\u00edn general.<\/p>\n<h3>Transferencias internacionales<\/h3>\n<p>No se realizan transferencias internacionales de datos.<\/p>\n<h3 class=\"e-n-accordion-item-title-text\">Derechos sobre tus datos personales<\/h3>\n<p>Los interesados tienen derecho a saber si sus datos personales son objeto de tratamiento en noemicarro.es. Adem\u00e1s, los interesados tienen derecho a acceder a sus datos personales, solicitar la rectificaci\u00f3n de los datos inexactos o su supresi\u00f3n cuando proceda. En determinadas circunstancias, los interesados tambi\u00e9n pueden solicitar la limitaci\u00f3n del tratamiento de los datos personales y la portabilidad de dichos datos a otra entidad. Si existen condiciones especiales en la situaci\u00f3n del interesado, este tambi\u00e9n puede oponerse al tratamiento de los datos personales, lo que implicar\u00e1 el cese inmediato del tratamiento de su informaci\u00f3n personal y la destrucci\u00f3n de dichos datos si as\u00ed lo desea.<\/p>\n<p>El propietario de Skylineecoliving.com se reserva el derecho de modificar esta Pol\u00edtica de privacidad para adaptarla a los futuros cambios legislativos que puedan producirse.<\/p>\n<p>\u00a0<\/p>\n<h3>\u00a0<\/h3>\n<h3><br \/><br \/><\/h3>\n<p><!-- \/wp:paragraph --><\/p>\t\t\t\t\t\t\t\t<\/div>\n\t\t\t\t\t<\/div>\n\t\t\t\t<\/div>\n\t\t\t\t<\/div>","protected":false},"excerpt":{"rendered":"<p>Cancellation Policy 75% refund for cancellations made within 48 hours after booking, provided there are more than 14 days left until the check-in date. Change Conditions Only one change per booking is accepted, which must be requested at least 7 days before the check-in date. The option to change the date when there are 7 &#8230;<\/p>","protected":false},"author":1,"featured_media":0,"parent":0,"menu_order":0,"comment_status":"closed","ping_status":"open","template":"","meta":{"cozystay_single_page_hide_site_header":"","cozystay_single_page_site_header_source":"","cozystay_single_page_custom_site_header":"0","cozystay_single_page_custom_sticky_site_header":"0","cozystay_single_page_hide_page_title":"","cozystay_single_page_header_section_size":"","cozystay_single_page_header_background_color":"","cozystay_single_page_header_background_position_x":"center","cozystay_single_page_header_background_position_y":"center","cozystay_single_page_header_background_size":"cover","cozystay_single_page_header_background_repeat":"off","cozystay_single_page_header_background_scroll":"on","cozystay_single_page_header_text_color":"","cozystay_single_page_header_show_breadcrumb":"","cozystay_single_page_site_footer_hide_main":"","cozystay_single_custom_site_footer_main_source":"","cozystay_single_custom_site_footer_main":"0","cozystay_single_page_site_footer_hide_above":"","cozystay_single_custom_site_footer_above_source":"","cozystay_single_custom_site_footer_above":"0","cozystay_single_page_site_footer_hide_instagram":"","cozystay_single_page_site_footer_hide_bottom":"","cozystay_single_custom_mobile_menu_source":"","cozystay_single_custom_mobile_menu":"0","cozystay_single_custom_mobile_menu_animation":"","cozystay_single_custom_mobile_menu_width":"","cozystay_single_custom_mobile_menu_custom_width":375,"_joinchat":[],"footnotes":""},"class_list":["post-3","page","type-page","status-publish","hentry"],"_links":{"self":[{"href":"https:\/\/skylineecoliving.com\/es\/wp-json\/wp\/v2\/pages\/3","targetHints":{"allow":["GET"]}}],"collection":[{"href":"https:\/\/skylineecoliving.com\/es\/wp-json\/wp\/v2\/pages"}],"about":[{"href":"https:\/\/skylineecoliving.com\/es\/wp-json\/wp\/v2\/types\/page"}],"author":[{"embeddable":true,"href":"https:\/\/skylineecoliving.com\/es\/wp-json\/wp\/v2\/users\/1"}],"replies":[{"embeddable":true,"href":"https:\/\/skylineecoliving.com\/es\/wp-json\/wp\/v2\/comments?post=3"}],"version-history":[{"count":3,"href":"https:\/\/skylineecoliving.com\/es\/wp-json\/wp\/v2\/pages\/3\/revisions"}],"predecessor-version":[{"id":3354,"href":"https:\/\/skylineecoliving.com\/es\/wp-json\/wp\/v2\/pages\/3\/revisions\/3354"}],"wp:attachment":[{"href":"https:\/\/skylineecoliving.com\/es\/wp-json\/wp\/v2\/media?parent=3"}],"curies":[{"name":"wp","href":"https:\/\/api.w.org\/{rel}","templated":true}]}}