{"id":235,"date":"2023-03-14T09:34:43","date_gmt":"2023-03-14T09:34:43","guid":{"rendered":"https:\/\/cozystay.loftocean.com\/island-resort\/?page_id=235"},"modified":"2026-02-27T18:51:55","modified_gmt":"2026-02-27T18:51:55","slug":"restaurante","status":"publish","type":"page","link":"https:\/\/skylineecoliving.com\/es\/amenities\/restaurant\/","title":{"rendered":"El restaurante"},"content":{"rendered":"<div data-elementor-type=\"wp-page\" data-elementor-id=\"235\" class=\"elementor elementor-235\" data-elementor-post-type=\"page\">\n\t\t\t\t\t\t<section class=\"elementor-section elementor-top-section elementor-element elementor-element-b94fb64 elementor-section-height-min-height cs-section-content-fullwidth cs-parallax-on-scroll cs_scroll_y_80 elementor-section-boxed elementor-section-height-default elementor-section-items-middle\" data-id=\"b94fb64\" data-element_type=\"section\" data-e-type=\"section\" data-settings=\"{&quot;background_background&quot;:&quot;classic&quot;}\" data-cs-parallax-y=\"80\" style=\"background-image: none;\" data-cs-background-image=\"https:\/\/www.skylineecoliving.com\/wp-content\/uploads\/2026\/02\/restaurant-cabin-night-medellin-city-lights.jpg\" data-cs-background-image-alt-text=\"\">\n\t\t\t\t\t\t\t<div class=\"elementor-background-overlay\"><\/div>\n\t\t\t\t\t\t\t<div class=\"elementor-container elementor-column-gap-no\">\n\t\t\t\t\t<div class=\"elementor-column elementor-col-100 elementor-top-column elementor-element elementor-element-d9c1d37 dark-color\" data-id=\"d9c1d37\" data-element_type=\"column\" data-e-type=\"column\">\n\t\t\t<div class=\"elementor-widget-wrap elementor-element-populated\">\n\t\t\t\t\t\t<div class=\"elementor-element elementor-element-e31f8fa elementor-widget elementor-widget-cs_title\" data-id=\"e31f8fa\" data-element_type=\"widget\" data-e-type=\"widget\" data-widget_type=\"cs_title.default\">\n\t\t\t\t<div class=\"elementor-widget-container\">\n\t\t\t\t\t\n        <div class=\"cs-title-wrap text-center\">\t            <div class=\"cs-subtitle-wrap\"><span class=\"cs-subtitle color-white\">Restaurante Casa Eco | Disfrute<\/span><\/div>\t            <h1 class=\"cs-title\">\n\t                Restaurante ecol\u00f3gico\t            <\/h1>\t            <div class=\"cs-title-text\">\n\t                <p>Del campo a la mesa<\/p>\t            <\/div>        <\/div>\t\t\t\t<\/div>\n\t\t\t\t<\/div>\n\t\t\t\t\t<\/div>\n\t\t<\/div>\n\t\t\t\t\t<\/div>\n\t\t<\/section>\n\t\t\t\t<section class=\"elementor-section elementor-top-section elementor-element elementor-element-a821375 elementor-section-full_width elementor-section-content-middle animated-slow elementor-section-height-default elementor-section-height-default elementor-invisible\" data-id=\"a821375\" data-element_type=\"section\" data-e-type=\"section\" data-settings=\"{&quot;background_background&quot;:&quot;classic&quot;,&quot;animation&quot;:&quot;fadeIn&quot;,&quot;animation_delay&quot;:150}\">\n\t\t\t\t\t\t<div class=\"elementor-container elementor-column-gap-no\">\n\t\t\t\t\t<div class=\"elementor-column elementor-col-66 elementor-top-column elementor-element elementor-element-373b86a\" data-id=\"373b86a\" data-element_type=\"column\" data-e-type=\"column\">\n\t\t\t<div class=\"elementor-widget-wrap elementor-element-populated\">\n\t\t\t\t\t\t<div class=\"elementor-element elementor-element-3e53123 elementor-widget elementor-widget-cs_title\" data-id=\"3e53123\" data-element_type=\"widget\" data-e-type=\"widget\" data-widget_type=\"cs_title.default\">\n\t\t\t\t<div class=\"elementor-widget-container\">\n\t\t\t\t\t\n        <div class=\"cs-title-wrap text-left\">\t            <div class=\"cs-subtitle-wrap\"><span class=\"cs-subtitle\">Del campo a la mesa<\/span><\/div>\t            <h2 class=\"cs-title\">\n\t                Restaurante Casa Eco | Disfrute\n\t            <\/h2>\t            <div class=\"cs-title-text\">\n\t                <p>Disfrute de platos caseros, directamente de la granja a la mesa, en nuestro restaurante ecol\u00f3gico. Todas las comidas se preparan con los ingredientes locales m\u00e1s frescos, muchos de ellos recolectados directamente de nuestro propio huerto.<br \/><br \/>Nuestra cocina se rige por la filosof\u00eda \u201cdel campo a la mesa\u201d, apoyando a los agricultores y productores locales y ofreci\u00e9ndole los aut\u00e9nticos sabores y tradiciones de la regi\u00f3n. Desde abundantes desayunos hasta deliciosas cenas, todos los platos se elaboran con esmero, calidad y sostenibilidad.<br \/><br \/>Entrega disponible en su caba\u00f1a o tienda glamping. Se recomienda reservar.<\/p>\t            <\/div>        <\/div>\t\t\t\t<\/div>\n\t\t\t\t<\/div>\n\t\t\t\t\t<\/div>\n\t\t<\/div>\n\t\t\t\t<div class=\"elementor-column elementor-col-33 elementor-top-column elementor-element elementor-element-bc633e9\" data-id=\"bc633e9\" data-element_type=\"column\" data-e-type=\"column\" data-settings=\"{&quot;background_background&quot;:&quot;classic&quot;}\">\n\t\t\t<div class=\"elementor-widget-wrap elementor-element-populated\">\n\t\t\t\t\t\t<section class=\"elementor-section elementor-inner-section elementor-element elementor-element-ff711c2 elementor-section-boxed elementor-section-height-default elementor-section-height-default\" data-id=\"ff711c2\" data-element_type=\"section\" data-e-type=\"section\">\n\t\t\t\t\t\t<div class=\"elementor-container elementor-column-gap-no\">\n\t\t\t\t\t<div class=\"elementor-column elementor-col-100 elementor-inner-column elementor-element elementor-element-944b728\" data-id=\"944b728\" data-element_type=\"column\" data-e-type=\"column\" data-settings=\"{&quot;background_background&quot;:&quot;classic&quot;}\">\n\t\t\t<div class=\"elementor-widget-wrap elementor-element-populated\">\n\t\t\t\t\t\t<div class=\"elementor-element elementor-element-bd4a49b elementor-widget elementor-widget-cs_title\" data-id=\"bd4a49b\" data-element_type=\"widget\" data-e-type=\"widget\" data-widget_type=\"cs_title.default\">\n\t\t\t\t<div class=\"elementor-widget-container\">\n\t\t\t\t\t\n        <div class=\"cs-title-wrap text-left\">\t            <h6 class=\"cs-title\">\n\t                Informaci\u00f3n\t            <\/h6>        <\/div>\t\t\t\t<\/div>\n\t\t\t\t<\/div>\n\t\t\t\t<div class=\"elementor-element elementor-element-2266158 elementor-widget__width-initial elementor-widget elementor-widget-cs_list\" data-id=\"2266158\" data-element_type=\"widget\" data-e-type=\"widget\" data-widget_type=\"cs_list.default\">\n\t\t\t\t<div class=\"elementor-widget-container\">\n\t\t\t\t\t\n            <ul class=\"cs-list cs-list-type-unordered\">                <li>                        <span class=\"list-icon color-primary\">\n                            <svg aria-hidden=\"true\" class=\"e-font-icon-svg e-fas-circle\" viewbox=\"0 0 512 512\" xmlns=\"http:\/\/www.w3.org\/2000\/svg\"><path d=\"M256 8C119 8 8 119 8 256s111 248 248 248 248-111 248-248S393 8 256 8z\"><\/path><\/svg>                        <\/span>                    <span class=\"list-content\">Tel\u00e9fono: +57 22 345 67 88<\/span>                        <a class=\"list-link\" href=\"tel:+57223456788\" aria-label=\"List Item Link\"><\/a>                <\/li>                <li>                        <span class=\"list-icon color-primary\">\n                            <svg aria-hidden=\"true\" class=\"e-font-icon-svg e-fas-circle\" viewbox=\"0 0 512 512\" xmlns=\"http:\/\/www.w3.org\/2000\/svg\"><path d=\"M256 8C119 8 8 119 8 256s111 248 248 248 248-111 248-248S393 8 256 8z\"><\/path><\/svg>                        <\/span>                    <span class=\"list-content\">Correo electr\u00f3nico: restaurant@skylineecoliving.com<\/span>                        <a class=\"list-link\" href=\"mailto:restaurant@skylineecoliving.com\" aria-label=\"List Item Link\"><\/a>                <\/li>            <\/ul>\t\t\t\t<\/div>\n\t\t\t\t<\/div>\n\t\t\t\t<div class=\"elementor-element elementor-element-c2131a2 elementor-widget elementor-widget-cs_title\" data-id=\"c2131a2\" data-element_type=\"widget\" data-e-type=\"widget\" data-widget_type=\"cs_title.default\">\n\t\t\t\t<div class=\"elementor-widget-container\">\n\t\t\t\t\t\n        <div class=\"cs-title-wrap text-left\">\t            <h6 class=\"cs-title\">\n\t                Horario de apertura\t            <\/h6>        <\/div>\t\t\t\t<\/div>\n\t\t\t\t<\/div>\n\t\t\t\t<div class=\"elementor-element elementor-element-20cb325 elementor-widget elementor-widget-cs_list\" data-id=\"20cb325\" data-element_type=\"widget\" data-e-type=\"widget\" data-widget_type=\"cs_list.default\">\n\t\t\t\t<div class=\"elementor-widget-container\">\n\t\t\t\t\t\n            <ul class=\"cs-list cs-list-type-unordered\">                <li>                        <span class=\"list-icon color-primary\">\n                            <svg aria-hidden=\"true\" class=\"e-font-icon-svg e-far-clock\" viewbox=\"0 0 512 512\" xmlns=\"http:\/\/www.w3.org\/2000\/svg\"><path d=\"M256 8C119 8 8 119 8 256s111 248 248 248 248-111 248-248S393 8 256 8zm0 448c-110.5 0-200-89.5-200-200S145.5 56 256 56s200 89.5 200 200-89.5 200-200 200zm61.8-104.4l-84.9-61.7c-3.1-2.3-4.9-5.9-4.9-9.7V116c0-6.6 5.4-12 12-12h32c6.6 0 12 5.4 12 12v141.7l66.8 48.6c5.4 3.9 6.5 11.4 2.6 16.8L334.6 349c-3.9 5.3-11.4 6.5-16.8 2.6z\"><\/path><\/svg>                        <\/span>                    <span class=\"list-content\">Almuerzo: todos los d\u00edas de 11:30 a 18:00.<\/span>                <\/li>                <li>                        <span class=\"list-icon color-primary\">\n                            <svg aria-hidden=\"true\" class=\"e-font-icon-svg e-far-clock\" viewbox=\"0 0 512 512\" xmlns=\"http:\/\/www.w3.org\/2000\/svg\"><path d=\"M256 8C119 8 8 119 8 256s111 248 248 248 248-111 248-248S393 8 256 8zm0 448c-110.5 0-200-89.5-200-200S145.5 56 256 56s200 89.5 200 200-89.5 200-200 200zm61.8-104.4l-84.9-61.7c-3.1-2.3-4.9-5.9-4.9-9.7V116c0-6.6 5.4-12 12-12h32c6.6 0 12 5.4 12 12v141.7l66.8 48.6c5.4 3.9 6.5 11.4 2.6 16.8L334.6 349c-3.9 5.3-11.4 6.5-16.8 2.6z\"><\/path><\/svg>                        <\/span>                    <span class=\"list-content\">Cena: todos los d\u00edas de 18:00 a 22:00.<\/span>                <\/li>            <\/ul>\t\t\t\t<\/div>\n\t\t\t\t<\/div>\n\t\t\t\t<div class=\"elementor-element elementor-element-9287010 elementor-position-inline-start elementor-mobile-position-inline-start elementor-view-default elementor-widget elementor-widget-icon-box\" data-id=\"9287010\" data-element_type=\"widget\" data-e-type=\"widget\" data-widget_type=\"icon-box.default\">\n\t\t\t\t\t\t\t<div class=\"elementor-icon-box-wrapper\">\n\n\t\t\t\t\t\t<div class=\"elementor-icon-box-icon\">\n\t\t\t\t<span  class=\"elementor-icon\">\n\t\t\t\t<svg aria-hidden=\"true\" class=\"e-font-icon-svg e-fas-phone-alt\" viewbox=\"0 0 512 512\" xmlns=\"http:\/\/www.w3.org\/2000\/svg\"><path d=\"M497.39 361.8l-112-48a24 24 0 0 0-28 6.9l-49.6 60.6A370.66 370.66 0 0 1 130.6 204.11l60.6-49.6a23.94 23.94 0 0 0 6.9-28l-48-112A24.16 24.16 0 0 0 122.6.61l-104 24A24 24 0 0 0 0 48c0 256.5 207.9 464 464 464a24 24 0 0 0 23.4-18.6l24-104a24.29 24.29 0 0 0-14.01-27.6z\"><\/path><\/svg>\t\t\t\t<\/span>\n\t\t\t<\/div>\n\t\t\t\n\t\t\t\t\t\t<div class=\"elementor-icon-box-content\">\n\n\t\t\t\t\t\t\t\t\t<div class=\"elementor-icon-box-title\">\n\t\t\t\t\t\t<span  >\n\t\t\t\t\t\t\tReservaci\u00f3n por tel\u00e9fono\t\t\t\t\t\t<\/span>\n\t\t\t\t\t<\/div>\n\t\t\t\t\n\t\t\t\t\t\t\t\t\t<p class=\"elementor-icon-box-description\">\n\t\t\t\t\t\t<a href=\"tel:+57 304 3123232\">+57 22 345 67 88<\/a>\t\t\t\t\t<\/p>\n\t\t\t\t\n\t\t\t<\/div>\n\t\t\t\n\t\t<\/div>\n\t\t\t\t\t\t<\/div>\n\t\t\t\t\t<\/div>\n\t\t<\/div>\n\t\t\t\t\t<\/div>\n\t\t<\/section>\n\t\t\t\t\t<\/div>\n\t\t<\/div>\n\t\t\t\t\t<\/div>\n\t\t<\/section>\n\t\t<div class=\"elementor-element elementor-element-6a4c591 e-flex e-con-boxed e-con e-parent\" data-id=\"6a4c591\" data-element_type=\"container\" data-e-type=\"container\">\n\t\t\t\t\t<div class=\"e-con-inner\">\n\t\t<div class=\"elementor-element elementor-element-c519eaf e-con-full e-flex e-con e-child\" data-id=\"c519eaf\" data-element_type=\"container\" data-e-type=\"container\">\n\t\t\t\t<div class=\"elementor-element elementor-element-18557c6 elementor-widget elementor-widget-image\" data-id=\"18557c6\" data-element_type=\"widget\" data-e-type=\"widget\" data-widget_type=\"image.default\">\n\t\t\t\t\t\t\t\t\t\t\t\t\t\t\t<img fetchpriority=\"high\" decoding=\"async\" width=\"1000\" height=\"644\" src=\"https:\/\/skylineecoliving.com\/wp-content\/uploads\/2026\/02\/skyline-restaurant-ceviche-plantain-chips.jpg\" class=\"attachment-large size-large wp-image-3256\" alt=\"\" srcset=\"https:\/\/skylineecoliving.com\/wp-content\/uploads\/2026\/02\/skyline-restaurant-ceviche-plantain-chips.jpg 1000w, https:\/\/skylineecoliving.com\/wp-content\/uploads\/2026\/02\/skyline-restaurant-ceviche-plantain-chips-300x193.jpg 300w, https:\/\/skylineecoliving.com\/wp-content\/uploads\/2026\/02\/skyline-restaurant-ceviche-plantain-chips-768x495.jpg 768w, https:\/\/skylineecoliving.com\/wp-content\/uploads\/2026\/02\/skyline-restaurant-ceviche-plantain-chips-780x502.jpg 780w, https:\/\/skylineecoliving.com\/wp-content\/uploads\/2026\/02\/skyline-restaurant-ceviche-plantain-chips-600x386.jpg 600w, https:\/\/skylineecoliving.com\/wp-content\/uploads\/2026\/02\/skyline-restaurant-ceviche-plantain-chips-550x354.jpg 550w, https:\/\/skylineecoliving.com\/wp-content\/uploads\/2026\/02\/skyline-restaurant-ceviche-plantain-chips-370x238.jpg 370w, https:\/\/skylineecoliving.com\/wp-content\/uploads\/2026\/02\/skyline-restaurant-ceviche-plantain-chips-255x164.jpg 255w\" sizes=\"(max-width: 1000px) 100vw, 1000px\" \/>\t\t\t\t\t\t\t\t\t\t\t\t\t\t\t<\/div>\n\t\t\t\t<\/div>\n\t\t<div class=\"elementor-element elementor-element-3d87284 e-con-full e-flex e-con e-child\" data-id=\"3d87284\" data-element_type=\"container\" data-e-type=\"container\">\n\t\t\t\t<div class=\"elementor-element elementor-element-e5dc3ec elementor-widget elementor-widget-image\" data-id=\"e5dc3ec\" data-element_type=\"widget\" data-e-type=\"widget\" data-widget_type=\"image.default\">\n\t\t\t\t\t\t\t\t\t\t\t\t\t\t\t<img decoding=\"async\" width=\"1000\" height=\"644\" src=\"https:\/\/skylineecoliving.com\/wp-content\/uploads\/2026\/02\/skyline-ecoliving-restaurant-bbq-ribs-dish.jpg\" class=\"attachment-large size-large wp-image-3297\" alt=\"\" srcset=\"https:\/\/skylineecoliving.com\/wp-content\/uploads\/2026\/02\/skyline-ecoliving-restaurant-bbq-ribs-dish.jpg 1000w, https:\/\/skylineecoliving.com\/wp-content\/uploads\/2026\/02\/skyline-ecoliving-restaurant-bbq-ribs-dish-300x193.jpg 300w, https:\/\/skylineecoliving.com\/wp-content\/uploads\/2026\/02\/skyline-ecoliving-restaurant-bbq-ribs-dish-768x495.jpg 768w, https:\/\/skylineecoliving.com\/wp-content\/uploads\/2026\/02\/skyline-ecoliving-restaurant-bbq-ribs-dish-780x502.jpg 780w, https:\/\/skylineecoliving.com\/wp-content\/uploads\/2026\/02\/skyline-ecoliving-restaurant-bbq-ribs-dish-600x386.jpg 600w, https:\/\/skylineecoliving.com\/wp-content\/uploads\/2026\/02\/skyline-ecoliving-restaurant-bbq-ribs-dish-550x354.jpg 550w, https:\/\/skylineecoliving.com\/wp-content\/uploads\/2026\/02\/skyline-ecoliving-restaurant-bbq-ribs-dish-370x238.jpg 370w, https:\/\/skylineecoliving.com\/wp-content\/uploads\/2026\/02\/skyline-ecoliving-restaurant-bbq-ribs-dish-255x164.jpg 255w\" sizes=\"(max-width: 1000px) 100vw, 1000px\" \/>\t\t\t\t\t\t\t\t\t\t\t\t\t\t\t<\/div>\n\t\t\t\t<\/div>\n\t\t\t\t\t<\/div>\n\t\t\t\t<\/div>\n\t\t\t\t<\/div>","protected":false},"excerpt":{"rendered":"<p>Casa Eco Restaurant | Indulge Eco Restaurant From field to table From field to table Casa Eco Restaurant | Indulge Enjoy homemade, farm-to-table dishes at our on-site eco restaurant. Every meal is prepared with the freshest locally sourced ingredients, many picked straight from our own veggie garden. Our kitchen embraces a &#8220;from field to table&#8221; &#8230;<\/p>","protected":false},"author":1,"featured_media":0,"parent":319,"menu_order":0,"comment_status":"closed","ping_status":"closed","template":"template-wide-content.php","meta":{"cozystay_single_page_hide_site_header":"","cozystay_single_page_site_header_source":"","cozystay_single_page_custom_site_header":"0","cozystay_single_page_custom_sticky_site_header":"0","cozystay_single_page_hide_page_title":"on","cozystay_single_page_header_section_size":"","cozystay_single_page_header_background_color":"","cozystay_single_page_header_background_position_x":"center","cozystay_single_page_header_background_position_y":"center","cozystay_single_page_header_background_size":"cover","cozystay_single_page_header_background_repeat":"off","cozystay_single_page_header_background_scroll":"on","cozystay_single_page_header_text_color":"","cozystay_single_page_header_show_breadcrumb":"","cozystay_single_page_site_footer_hide_main":"","cozystay_single_custom_site_footer_main_source":"","cozystay_single_custom_site_footer_main":"0","cozystay_single_page_site_footer_hide_above":"","cozystay_single_custom_site_footer_above_source":"","cozystay_single_custom_site_footer_above":"0","cozystay_single_page_site_footer_hide_instagram":"","cozystay_single_page_site_footer_hide_bottom":"","cozystay_single_custom_mobile_menu_source":"","cozystay_single_custom_mobile_menu":"0","cozystay_single_custom_mobile_menu_animation":"","cozystay_single_custom_mobile_menu_width":"","cozystay_single_custom_mobile_menu_custom_width":375,"_joinchat":[],"footnotes":""},"class_list":["post-235","page","type-page","status-publish","hentry"],"_links":{"self":[{"href":"https:\/\/skylineecoliving.com\/es\/wp-json\/wp\/v2\/pages\/235","targetHints":{"allow":["GET"]}}],"collection":[{"href":"https:\/\/skylineecoliving.com\/es\/wp-json\/wp\/v2\/pages"}],"about":[{"href":"https:\/\/skylineecoliving.com\/es\/wp-json\/wp\/v2\/types\/page"}],"author":[{"embeddable":true,"href":"https:\/\/skylineecoliving.com\/es\/wp-json\/wp\/v2\/users\/1"}],"replies":[{"embeddable":true,"href":"https:\/\/skylineecoliving.com\/es\/wp-json\/wp\/v2\/comments?post=235"}],"version-history":[{"count":31,"href":"https:\/\/skylineecoliving.com\/es\/wp-json\/wp\/v2\/pages\/235\/revisions"}],"predecessor-version":[{"id":3304,"href":"https:\/\/skylineecoliving.com\/es\/wp-json\/wp\/v2\/pages\/235\/revisions\/3304"}],"up":[{"embeddable":true,"href":"https:\/\/skylineecoliving.com\/es\/wp-json\/wp\/v2\/pages\/319"}],"wp:attachment":[{"href":"https:\/\/skylineecoliving.com\/es\/wp-json\/wp\/v2\/media?parent=235"}],"curies":[{"name":"wp","href":"https:\/\/api.w.org\/{rel}","templated":true}]}}