{"id":1810,"date":"2023-05-11T14:15:51","date_gmt":"2023-05-11T14:15:51","guid":{"rendered":"https:\/\/cozystay.loftocean.com\/island-resort\/?page_id=1810"},"modified":"2026-02-27T21:01:13","modified_gmt":"2026-02-27T21:01:13","slug":"quienes-somos","status":"publish","type":"page","link":"https:\/\/skylineecoliving.com\/es\/about-us\/","title":{"rendered":"Acerca de nosotros"},"content":{"rendered":"<div data-elementor-type=\"wp-page\" data-elementor-id=\"1810\" class=\"elementor elementor-1810\" data-elementor-post-type=\"page\">\n\t\t\t\t\t\t<section class=\"elementor-section elementor-top-section elementor-element elementor-element-801451a elementor-section-height-min-height cs-section-content-fullwidth cs-parallax-on-scroll cs_scroll_y_80 elementor-section-boxed elementor-section-height-default elementor-section-items-middle\" data-id=\"801451a\" data-element_type=\"section\" data-e-type=\"section\" data-settings=\"{&quot;background_background&quot;:&quot;classic&quot;}\" data-cs-parallax-y=\"80\" style=\"background-image: none;\" data-cs-background-image=\"https:\/\/www.skylineecoliving.com\/wp-content\/uploads\/2026\/02\/skyline-ecoliving-mountain-valley-panorama.jpg\" data-cs-background-image-alt-text=\"\">\n\t\t\t\t\t\t\t<div class=\"elementor-background-overlay\"><\/div>\n\t\t\t\t\t\t\t<div class=\"elementor-container elementor-column-gap-no\">\n\t\t\t\t\t<div class=\"elementor-column elementor-col-100 elementor-top-column elementor-element elementor-element-7844eab dark-color\" data-id=\"7844eab\" data-element_type=\"column\" data-e-type=\"column\">\n\t\t\t<div class=\"elementor-widget-wrap elementor-element-populated\">\n\t\t\t\t\t\t<div class=\"elementor-element elementor-element-b753ce4 elementor-widget elementor-widget-cs_title\" data-id=\"b753ce4\" data-element_type=\"widget\" data-e-type=\"widget\" data-widget_type=\"cs_title.default\">\n\t\t\t\t<div class=\"elementor-widget-container\">\n\t\t\t\t\t\n        <div class=\"cs-title-wrap text-center\">\t            <div class=\"cs-subtitle-wrap\"><span class=\"cs-subtitle color-white\">QUI\u00c9NES SOMOS<\/span><\/div>\t            <h1 class=\"cs-title\">\n\t                Nuestra historia\t            <\/h1>\t            <div class=\"cs-title-text\">\n\t                <p>Ubicado en las monta\u00f1as de Santa Elena, a solo 40 minutos de Medell\u00edn, Skyline Ecoliving es un refugio con certificaci\u00f3n ecol\u00f3gica donde la comodidad se une con la naturaleza. Funciona con energ\u00eda solar, est\u00e1 rodeado de bosque nativo y se construy\u00f3 con la sostenibilidad como eje central.<\/p>\t            <\/div>        <\/div>\t\t\t\t<\/div>\n\t\t\t\t<\/div>\n\t\t\t\t\t<\/div>\n\t\t<\/div>\n\t\t\t\t\t<\/div>\n\t\t<\/section>\n\t\t<div class=\"elementor-element elementor-element-1b80504 e-flex e-con-boxed e-con e-parent\" data-id=\"1b80504\" data-element_type=\"container\" data-e-type=\"container\">\n\t\t\t\t\t<div class=\"e-con-inner\">\n\t\t<div class=\"elementor-element elementor-element-e78fc86 e-con-full e-flex e-con e-child\" data-id=\"e78fc86\" data-element_type=\"container\" data-e-type=\"container\">\n\t\t\t\t<div class=\"elementor-element elementor-element-f9c7032 elementor-widget elementor-widget-heading\" data-id=\"f9c7032\" data-element_type=\"widget\" data-e-type=\"widget\" data-widget_type=\"heading.default\">\n\t\t\t\t\t<h2 class=\"elementor-heading-title elementor-size-default\">QUI\u00c9NES SOMOS<\/h2>\t\t\t\t<\/div>\n\t\t\t\t<div class=\"elementor-element elementor-element-814cb59 elementor-widget elementor-widget-text-editor\" data-id=\"814cb59\" data-element_type=\"widget\" data-e-type=\"widget\" data-widget_type=\"text-editor.default\">\n\t\t\t\t\t\t\t\t\t<p>Nuestro albergue de monta\u00f1a ofrece caba\u00f1as de madera hechas a mano y acogedoras tiendas de glamping, todas con vistas panor\u00e1micas al valle de Medell\u00edn. Recogemos y filtramos el agua de lluvia, funcionamos \u00edntegramente con energ\u00eda solar y hemos plantado m\u00e1s de 500 \u00e1rboles aut\u00f3ctonos para proteger el ecosistema que llamamos nuestro hogar.<br \/><br \/>Cada estancia apoya a la Fundaci\u00f3n Skyline, que ofrece programas educativos para las escuelas primarias locales de Santa Elena.<br \/><br \/>Ya sea que busques una tranquila caba\u00f1a en las monta\u00f1as, una escapada rom\u00e1ntica de glamping o un refugio ecol\u00f3gico cerca de Medell\u00edn, Skyline es el lugar donde la naturaleza, la comodidad y el prop\u00f3sito se unen.<\/p>\t\t\t\t\t\t\t\t<\/div>\n\t\t\t\t<\/div>\n\t\t<div class=\"elementor-element elementor-element-62c87e3 e-con-full e-flex e-con e-child\" data-id=\"62c87e3\" data-element_type=\"container\" data-e-type=\"container\">\n\t\t\t\t<div class=\"elementor-element elementor-element-c693109 elementor-widget elementor-widget-image\" data-id=\"c693109\" data-element_type=\"widget\" data-e-type=\"widget\" data-widget_type=\"image.default\">\n\t\t\t\t\t\t\t\t\t\t\t\t\t\t\t<img fetchpriority=\"high\" decoding=\"async\" width=\"1024\" height=\"1024\" src=\"https:\/\/skylineecoliving.com\/wp-content\/uploads\/2026\/02\/skyline-ecoliving-aerial-view-cabanas-1-1024x1024.jpg\" class=\"attachment-large size-large wp-image-3321\" alt=\"\" srcset=\"https:\/\/skylineecoliving.com\/wp-content\/uploads\/2026\/02\/skyline-ecoliving-aerial-view-cabanas-1-1024x1024.jpg 1024w, https:\/\/skylineecoliving.com\/wp-content\/uploads\/2026\/02\/skyline-ecoliving-aerial-view-cabanas-1-300x300.jpg 300w, https:\/\/skylineecoliving.com\/wp-content\/uploads\/2026\/02\/skyline-ecoliving-aerial-view-cabanas-1-150x150.jpg 150w, https:\/\/skylineecoliving.com\/wp-content\/uploads\/2026\/02\/skyline-ecoliving-aerial-view-cabanas-1-768x768.jpg 768w, https:\/\/skylineecoliving.com\/wp-content\/uploads\/2026\/02\/skyline-ecoliving-aerial-view-cabanas-1-780x780.jpg 780w, https:\/\/skylineecoliving.com\/wp-content\/uploads\/2026\/02\/skyline-ecoliving-aerial-view-cabanas-1-600x600.jpg 600w, https:\/\/skylineecoliving.com\/wp-content\/uploads\/2026\/02\/skyline-ecoliving-aerial-view-cabanas-1-550x550.jpg 550w, https:\/\/skylineecoliving.com\/wp-content\/uploads\/2026\/02\/skyline-ecoliving-aerial-view-cabanas-1-370x370.jpg 370w, https:\/\/skylineecoliving.com\/wp-content\/uploads\/2026\/02\/skyline-ecoliving-aerial-view-cabanas-1-255x255.jpg 255w, https:\/\/skylineecoliving.com\/wp-content\/uploads\/2026\/02\/skyline-ecoliving-aerial-view-cabanas-1.jpg 1080w\" sizes=\"(max-width: 1024px) 100vw, 1024px\" \/>\t\t\t\t\t\t\t\t\t\t\t\t\t\t\t<\/div>\n\t\t\t\t<\/div>\n\t\t\t\t\t<\/div>\n\t\t\t\t<\/div>\n\t\t<div class=\"elementor-element elementor-element-5b5f7b7 e-flex e-con-boxed e-con e-parent\" data-id=\"5b5f7b7\" data-element_type=\"container\" data-e-type=\"container\">\n\t\t\t\t\t<div class=\"e-con-inner\">\n\t\t<div class=\"elementor-element elementor-element-f9348bb e-con-full e-flex e-con e-child\" data-id=\"f9348bb\" data-element_type=\"container\" data-e-type=\"container\">\n\t\t\t\t<div class=\"elementor-element elementor-element-2c08d6d elementor-widget elementor-widget-heading\" data-id=\"2c08d6d\" data-element_type=\"widget\" data-e-type=\"widget\" data-widget_type=\"heading.default\">\n\t\t\t\t\t<h2 class=\"elementor-heading-title elementor-size-default\">NUESTRA HISTORIA<\/h2>\t\t\t\t<\/div>\n\t\t\t\t<div class=\"elementor-element elementor-element-2a4ec9f elementor-widget elementor-widget-text-editor\" data-id=\"2a4ec9f\" data-element_type=\"widget\" data-e-type=\"widget\" data-widget_type=\"text-editor.default\">\n\t\t\t\t\t\t\t\t\t<p>En 2019, mientras buscaba un lugar para desarrollar un proyecto de hospedaje, encontr\u00e9 un terreno en las monta\u00f1as de Santa Elena con una vista espectacular de Medell\u00edn. No buscaba un clima fr\u00edo, quer\u00eda un lugar c\u00e1lido, pero algo en esta monta\u00f1a me cautiv\u00f3.<br \/><br \/>Comenzamos a construir cuatro caba\u00f1as, todas con el mismo dise\u00f1o, pero cada una con un \u00e1ngulo de visi\u00f3n diferente. Ninguna se perd\u00eda la vista panor\u00e1mica de la ciudad y las monta\u00f1as. Nos enfrentamos a innumerables contratiempos, pero nada era m\u00e1s fuerte que el deseo de convertir este sue\u00f1o en realidad.<br \/><br \/>Entonces lleg\u00f3 la pandemia. La construcci\u00f3n se suspendi\u00f3 durante meses, pero no nos rendimos. Cuando finalmente lleg\u00f3 el momento, los hu\u00e9spedes comenzaron a llegar y, con ellos, surgieron nuevos retos que nos hicieron pensar en abandonar m\u00e1s de una vez. Pero nuestra fe se mantuvo intacta.<br \/><br \/>La monta\u00f1a nos ense\u00f1\u00f3 que el oro es verde. Su abundancia no conoce l\u00edmites, y nosotros somos los guardianes de su existencia. Por eso la sostenibilidad se convirti\u00f3 en nuestra base: energ\u00eda solar conectada a todas las caba\u00f1as, un sistema de recolecci\u00f3n y purificaci\u00f3n de agua de lluvia, y m\u00e1s de 500 \u00e1rboles aut\u00f3ctonos plantados, y seguimos contando.<br \/><br \/>Skyline ha crecido significativamente en los \u00faltimos a\u00f1os. Generamos empleo para los locales, apoyamos a los ni\u00f1os de Santa Elena a trav\u00e9s de nuestra fundaci\u00f3n y seguimos cuidando este hermoso lugar. Queremos que todo el mundo conozca este para\u00edso, deje atr\u00e1s las prisas y disfrute de la monta\u00f1a. Somos un pulm\u00f3n verde que adorna la ciudad de Medell\u00edn y estamos comprometidos con el turismo responsable, el crecimiento de Santa Elena y la preservaci\u00f3n de sus tradiciones.<\/p>\t\t\t\t\t\t\t\t<\/div>\n\t\t\t\t<\/div>\n\t\t<div class=\"elementor-element elementor-element-89989b0 e-con-full e-flex e-con e-child\" data-id=\"89989b0\" data-element_type=\"container\" data-e-type=\"container\">\n\t\t\t\t<div class=\"elementor-element elementor-element-63f6a48 elementor-widget elementor-widget-image\" data-id=\"63f6a48\" data-element_type=\"widget\" data-e-type=\"widget\" data-widget_type=\"image.default\">\n\t\t\t\t\t\t\t\t\t\t\t\t\t\t\t<img decoding=\"async\" width=\"1024\" height=\"1024\" src=\"https:\/\/skylineecoliving.com\/wp-content\/uploads\/2026\/02\/morning-coffee-book-mountain-view-1024x1024.jpg\" class=\"attachment-large size-large wp-image-3322\" alt=\"\" srcset=\"https:\/\/skylineecoliving.com\/wp-content\/uploads\/2026\/02\/morning-coffee-book-mountain-view-1024x1024.jpg 1024w, https:\/\/skylineecoliving.com\/wp-content\/uploads\/2026\/02\/morning-coffee-book-mountain-view-300x300.jpg 300w, https:\/\/skylineecoliving.com\/wp-content\/uploads\/2026\/02\/morning-coffee-book-mountain-view-150x150.jpg 150w, https:\/\/skylineecoliving.com\/wp-content\/uploads\/2026\/02\/morning-coffee-book-mountain-view-768x768.jpg 768w, https:\/\/skylineecoliving.com\/wp-content\/uploads\/2026\/02\/morning-coffee-book-mountain-view-780x780.jpg 780w, https:\/\/skylineecoliving.com\/wp-content\/uploads\/2026\/02\/morning-coffee-book-mountain-view-600x600.jpg 600w, https:\/\/skylineecoliving.com\/wp-content\/uploads\/2026\/02\/morning-coffee-book-mountain-view-550x550.jpg 550w, https:\/\/skylineecoliving.com\/wp-content\/uploads\/2026\/02\/morning-coffee-book-mountain-view-370x370.jpg 370w, https:\/\/skylineecoliving.com\/wp-content\/uploads\/2026\/02\/morning-coffee-book-mountain-view-255x255.jpg 255w, https:\/\/skylineecoliving.com\/wp-content\/uploads\/2026\/02\/morning-coffee-book-mountain-view.jpg 1080w\" sizes=\"(max-width: 1024px) 100vw, 1024px\" \/>\t\t\t\t\t\t\t\t\t\t\t\t\t\t\t<\/div>\n\t\t\t\t<\/div>\n\t\t\t\t\t<\/div>\n\t\t\t\t<\/div>\n\t\t\t\t<\/div>","protected":false},"excerpt":{"rendered":"<p>WHO WE ARE Our Story Nestled in the mountains of Santa Elena, just 40 minutes from Medell\u00edn, Skyline Ecoliving is an eco-certified retreat where comfort meets nature. Powered by solar energy, surrounded by native forest, and built with sustainability at its core. WHO WE ARE Our mountain lodge offers handcrafted wooden cabins and cozy glamping &#8230;<\/p>","protected":false},"author":1,"featured_media":0,"parent":0,"menu_order":0,"comment_status":"closed","ping_status":"closed","template":"template-wide-content.php","meta":{"cozystay_single_page_hide_site_header":"","cozystay_single_page_site_header_source":"","cozystay_single_page_custom_site_header":"0","cozystay_single_page_custom_sticky_site_header":"0","cozystay_single_page_hide_page_title":"on","cozystay_single_page_header_section_size":"","cozystay_single_page_header_background_color":"","cozystay_single_page_header_background_position_x":"center","cozystay_single_page_header_background_position_y":"center","cozystay_single_page_header_background_size":"cover","cozystay_single_page_header_background_repeat":"off","cozystay_single_page_header_background_scroll":"on","cozystay_single_page_header_text_color":"","cozystay_single_page_header_show_breadcrumb":"","cozystay_single_page_site_footer_hide_main":"","cozystay_single_custom_site_footer_main_source":"","cozystay_single_custom_site_footer_main":"0","cozystay_single_page_site_footer_hide_above":"","cozystay_single_custom_site_footer_above_source":"","cozystay_single_custom_site_footer_above":"0","cozystay_single_page_site_footer_hide_instagram":"","cozystay_single_page_site_footer_hide_bottom":"","cozystay_single_custom_mobile_menu_source":"","cozystay_single_custom_mobile_menu":"0","cozystay_single_custom_mobile_menu_animation":"","cozystay_single_custom_mobile_menu_width":"","cozystay_single_custom_mobile_menu_custom_width":375,"_joinchat":[],"footnotes":""},"class_list":["post-1810","page","type-page","status-publish","hentry"],"_links":{"self":[{"href":"https:\/\/skylineecoliving.com\/es\/wp-json\/wp\/v2\/pages\/1810","targetHints":{"allow":["GET"]}}],"collection":[{"href":"https:\/\/skylineecoliving.com\/es\/wp-json\/wp\/v2\/pages"}],"about":[{"href":"https:\/\/skylineecoliving.com\/es\/wp-json\/wp\/v2\/types\/page"}],"author":[{"embeddable":true,"href":"https:\/\/skylineecoliving.com\/es\/wp-json\/wp\/v2\/users\/1"}],"replies":[{"embeddable":true,"href":"https:\/\/skylineecoliving.com\/es\/wp-json\/wp\/v2\/comments?post=1810"}],"version-history":[{"count":8,"href":"https:\/\/skylineecoliving.com\/es\/wp-json\/wp\/v2\/pages\/1810\/revisions"}],"predecessor-version":[{"id":3476,"href":"https:\/\/skylineecoliving.com\/es\/wp-json\/wp\/v2\/pages\/1810\/revisions\/3476"}],"wp:attachment":[{"href":"https:\/\/skylineecoliving.com\/es\/wp-json\/wp\/v2\/media?parent=1810"}],"curies":[{"name":"wp","href":"https:\/\/api.w.org\/{rel}","templated":true}]}}